{"id":662,"date":"2024-03-01T16:29:39","date_gmt":"2024-03-01T16:29:39","guid":{"rendered":"http:\/\/egam.cat\/servicios\/formacion-y-difusion\/formacio-ambiental\/"},"modified":"2024-03-14T15:36:48","modified_gmt":"2024-03-14T15:36:48","slug":"formacion-ambiental","status":"publish","type":"page","link":"https:\/\/egam.cat\/es\/servicios\/formacion-y-difusion\/formacion-ambiental\/","title":{"rendered":"Formaci\u00f3n ambiental"},"content":{"rendered":"[vc_row type=\u00bbfull_width_background\u00bb full_screen_row_position=\u00bbmiddle\u00bb column_margin=\u00bbdefault\u00bb column_direction=\u00bbdefault\u00bb column_direction_tablet=\u00bbdefault\u00bb column_direction_phone=\u00bbdefault\u00bb scene_position=\u00bbcenter\u00bb top_padding=\u00bb10px\u00bb constrain_group_1=\u00bbyes\u00bb bottom_padding=\u00bb10px\u00bb text_color=\u00bblight\u00bb text_align=\u00bbleft\u00bb row_border_radius=\u00bbnone\u00bb row_border_radius_applies=\u00bbbg\u00bb overflow=\u00bbvisible\u00bb advanced_gradient=\u00bblinear-gradient(71deg, rgba(0, 85, 88, 0.8) 10%, rgba(0, 85, 88, 0.61) 90%)\u00bb advanced_gradient_angle=\u00bb71&#8243; shape_divider_position=\u00bbbottom\u00bb bg_image_animation=\u00bbnone\u00bb gradient_type=\u00bbadvanced\u00bb shape_type=\u00bb\u00bb advanced_gradient_display_type=\u00bblinear\u00bb][vc_column column_padding=\u00bbno-extra-padding\u00bb column_padding_tablet=\u00bbinherit\u00bb column_padding_phone=\u00bbinherit\u00bb column_padding_position=\u00bball\u00bb column_element_direction_desktop=\u00bbdefault\u00bb column_element_spacing=\u00bbdefault\u00bb desktop_text_alignment=\u00bbdefault\u00bb tablet_text_alignment=\u00bbdefault\u00bb phone_text_alignment=\u00bbdefault\u00bb background_color_opacity=\u00bb1&#8243; background_hover_color_opacity=\u00bb1&#8243; column_backdrop_filter=\u00bbnone\u00bb column_shadow=\u00bbnone\u00bb column_border_radius=\u00bbnone\u00bb column_link_target=\u00bb_self\u00bb column_position=\u00bbdefault\u00bb gradient_direction=\u00bbleft_to_right\u00bb overlay_strength=\u00bb0.3&#8243; width=\u00bb1\/1&#8243; tablet_width_inherit=\u00bbdefault\u00bb animation_type=\u00bbdefault\u00bb bg_image_animation=\u00bbnone\u00bb border_type=\u00bbsimple\u00bb column_border_width=\u00bbnone\u00bb column_border_style=\u00bbsolid\u00bb][vc_column_text]\n<p style=\"font-size: 14px;\"><span><span><a href=\"https:\/\/egam.cat\/es\/\">Nosaltres<\/a><\/span><\/span>\n[\/vc_column_text][\/vc_column][\/vc_row][vc_row type=\u00bbin_container\u00bb full_screen_row_position=\u00bbmiddle\u00bb column_margin=\u00bbdefault\u00bb column_direction=\u00bbdefault\u00bb column_direction_tablet=\u00bbdefault\u00bb column_direction_phone=\u00bbdefault\u00bb scene_position=\u00bbcenter\u00bb top_padding=\u00bb50px\u00bb bottom_padding=\u00bb0&#8243; text_color=\u00bbdark\u00bb text_align=\u00bbleft\u00bb row_border_radius=\u00bbnone\u00bb row_border_radius_applies=\u00bbbg\u00bb overflow=\u00bbvisible\u00bb overlay_strength=\u00bb0.3&#8243; gradient_direction=\u00bbleft_to_right\u00bb shape_divider_position=\u00bbbottom\u00bb bg_image_animation=\u00bbnone\u00bb gradient_type=\u00bbdefault\u00bb shape_type=\u00bb\u00bb][vc_column column_padding=\u00bbno-extra-padding\u00bb column_padding_tablet=\u00bbinherit\u00bb column_padding_phone=\u00bbinherit\u00bb column_padding_position=\u00bball\u00bb column_element_direction_desktop=\u00bbdefault\u00bb column_element_spacing=\u00bbdefault\u00bb desktop_text_alignment=\u00bbdefault\u00bb tablet_text_alignment=\u00bbdefault\u00bb phone_text_alignment=\u00bbdefault\u00bb background_color_opacity=\u00bb1&#8243; background_hover_color_opacity=\u00bb1&#8243; column_backdrop_filter=\u00bbnone\u00bb column_shadow=\u00bbnone\u00bb column_border_radius=\u00bbnone\u00bb column_link_target=\u00bb_self\u00bb column_position=\u00bbdefault\u00bb gradient_direction=\u00bbleft_to_right\u00bb overlay_strength=\u00bb0.3&#8243; width=\u00bb5\/6&#8243; tablet_width_inherit=\u00bbdefault\u00bb animation_type=\u00bbdefault\u00bb bg_image_animation=\u00bbnone\u00bb border_type=\u00bbsimple\u00bb column_border_width=\u00bbnone\u00bb column_border_style=\u00bbsolid\u00bb][vc_column_text]\n<h2>Taller de dise\u00f1o de medidas correctoras de impacto ambiental. Departamento de Territorio y Sostenibilidad<\/h2>\n[\/vc_column_text][vc_column_text css=\u00bb.vc_custom_1710430493957{border-left-width: 1px !important;padding-left: 20px !important;border-left-color: #005558 !important;}\u00bb]\n<h5>Cliente: Departamento de Territorio y Sostenibilidad<\/h5>\n<p>Fecha: 2014<br \/>\n\u00c1mbito: Catalu\u00f1a[\/vc_column_text][nectar_icon_list color=\u00bbdefault\u00bb direction=\u00bbvertical\u00bb icon_size=\u00bbsmall\u00bb icon_style=\u00bbborder\u00bb][nectar_icon_list_item icon_type=\u00bbnumerical\u00bb text_full_html=\u00bbsimple\u00bb title=\u00bbList Item\u00bb id=\u00bb1710430393687-3&#8243; tab_id=\u00bb1710430393688-9&#8243; text=\u00bbEstablecer las condiciones y calidades m\u00ednimas que deben cumplirse en el desarrollo de los trabajos correspondientes al servicio de mantenimiento de zonas verdes de la ciudad de Barcelona. Engloba los trabajos de jardiner\u00eda, la aplicaci\u00f3n de tratamientos fitosanitarios preventivos, el mantenimiento de instalaciones de riegos y el mantenimiento y conservaci\u00f3n de equipamientos (mobiliario urbano, \u00e1reas juegos infantiles, \u00e1reas de recreo para perros y pavimentos blandos) .\u00bb][\/nectar_icon_list_item][nectar_icon_list_item icon_type=\u00bbnumerical\u00bb text_full_html=\u00bbsimple\u00bb title=\u00bbList Item\u00bb id=\u00bb1710430393703-5&#8243; tab_id=\u00bb1710430393704-2&#8243; text=\u00bbEstablecer las condiciones t\u00e9cnicas y econ\u00f3micas de los trabajos\u00bb][\/nectar_icon_list_item][nectar_icon_list_item icon_type=\u00bbnumerical\u00bb text_full_html=\u00bbsimple\u00bb title=\u00bbList Item\u00bb id=\u00bb1710430393714-9&#8243; tab_id=\u00bb1710430393715-3&#8243; text=\u00bbEstablecer los medios materiales, mec\u00e1nicos y humanos requeridos\u00bb][\/nectar_icon_list_item][nectar_icon_list_item icon_type=\u00bbnumerical\u00bb text_full_html=\u00bbsimple\u00bb title=\u00bbList Item\u00bb id=\u00bb1710430393728-2&#8243; tab_id=\u00bb1710430393728-3&#8243; text=\u00bbEstablecer las condiciones de gesti\u00f3n del servicio y los mecanismos de control de calidad\u00bb][\/nectar_icon_list_item][nectar_icon_list_item icon_type=\u00bbnumerical\u00bb text_full_html=\u00bbsimple\u00bb title=\u00bbList Item\u00bb id=\u00bb1710430393739-2&#8243; tab_id=\u00bb1710430393740-10&#8243; text=\u00bbEstablecer la documentaci\u00f3n t\u00e9cnica a aportar por los licitadores as\u00ed como las mejoras a aportar\u00bb][\/nectar_icon_list_item][nectar_icon_list_item icon_type=\u00bbnumerical\u00bb text_full_html=\u00bbsimple\u00bb title=\u00bbList Item\u00bb id=\u00bb1710430393746-10&#8243; tab_id=\u00bb1710430393746-5&#8243; text=\u00bbEstablecer un banco de precios de las distintas tipolog\u00edas de trabajos de mantenimiento as\u00ed como unas frecuencias m\u00ednimas de los trabajos\u00bb][\/nectar_icon_list_item][\/nectar_icon_list][vc_gallery type=\u00bbflickity_style\u00bb images=\u00bb389,391,393,394,395,396&#8243; flickity_spacing=\u00bbdefault\u00bb flickity_controls=\u00bbpagination\u00bb flickity_overflow=\u00bbhidden\u00bb flickity_wrap_around=\u00bbwrap\u00bb flickity_desktop_columns=\u00bb3&#8243; flickity_small_desktop_columns=\u00bb3&#8243; flickity_tablet_columns=\u00bb2&#8243; flickity_phone_columns=\u00bb2&#8243; flickity_box_shadow=\u00bbnone\u00bb image_loading=\u00bbdefault\u00bb onclick=\u00bblink_image\u00bb][\/vc_column][vc_column column_padding=\u00bbno-extra-padding\u00bb column_padding_tablet=\u00bbinherit\u00bb column_padding_phone=\u00bbinherit\u00bb column_padding_position=\u00bball\u00bb bottom_margin=\u00bb50px\u00bb column_element_direction_desktop=\u00bbdefault\u00bb column_element_spacing=\u00bbdefault\u00bb desktop_text_alignment=\u00bbdefault\u00bb tablet_text_alignment=\u00bbdefault\u00bb phone_text_alignment=\u00bbdefault\u00bb background_color_opacity=\u00bb1&#8243; background_hover_color_opacity=\u00bb1&#8243; column_backdrop_filter=\u00bbnone\u00bb column_shadow=\u00bbnone\u00bb column_border_radius=\u00bbnone\u00bb column_link_target=\u00bb_self\u00bb column_position=\u00bbdefault\u00bb gradient_direction=\u00bbleft_to_right\u00bb overlay_strength=\u00bb0.3&#8243; width=\u00bb1\/6&#8243; tablet_width_inherit=\u00bbdefault\u00bb animation_type=\u00bbdefault\u00bb bg_image_animation=\u00bbnone\u00bb border_type=\u00bbsimple\u00bb column_border_width=\u00bbnone\u00bb column_border_style=\u00bbsolid\u00bb column_padding_type=\u00bbdefault\u00bb gradient_type=\u00bbdefault\u00bb offset=\u00bbvc_hidden-sm vc_hidden-xs\u00bb][nectar_global_section id=\u00bb591&#8243;][\/vc_column][\/vc_row]\n","protected":false},"excerpt":{"rendered":"<p>[vc_row type=\u00bbfull_width_background\u00bb full_screen_row_position=\u00bbmiddle\u00bb column_margin=\u00bbdefault\u00bb column_direction=\u00bbdefault\u00bb column_direction_tablet=\u00bbdefault\u00bb column_direction_phone=\u00bbdefault\u00bb scene_position=\u00bbcenter\u00bb top_padding=\u00bb10px\u00bb constrain_group_1=\u00bbyes\u00bb bottom_padding=\u00bb10px\u00bb text_color=\u00bblight\u00bb text_align=\u00bbleft\u00bb row_border_radius=\u00bbnone\u00bb row_border_radius_applies=\u00bbbg\u00bb overflow=\u00bbvisible\u00bb advanced_gradient=\u00bblinear-gradient(71deg, rgba(0, 85, 88,&#8230;<\/p>\n","protected":false},"author":2,"featured_media":0,"parent":652,"menu_order":0,"comment_status":"closed","ping_status":"closed","template":"","meta":{"footnotes":""},"class_list":["post-662","page","type-page","status-publish"],"yoast_head":"<!-- This site is optimized with the Yoast SEO plugin v22.1 - https:\/\/yoast.com\/wordpress\/plugins\/seo\/ -->\n<title>Formaci\u00f3n ambiental - Egam<\/title>\n<meta name=\"robots\" content=\"index, follow, max-snippet:-1, max-image-preview:large, max-video-preview:-1\" \/>\n<link rel=\"canonical\" href=\"https:\/\/egam.cat\/es\/servicios\/formacion-y-difusion\/formacion-ambiental\/\" \/>\n<meta property=\"og:locale\" content=\"es_ES\" \/>\n<meta property=\"og:type\" content=\"article\" \/>\n<meta property=\"og:title\" content=\"Formaci\u00f3n ambiental - Egam\" \/>\n<meta property=\"og:description\" content=\"[vc_row type=\u00bbfull_width_background\u00bb full_screen_row_position=\u00bbmiddle\u00bb column_margin=\u00bbdefault\u00bb column_direction=\u00bbdefault\u00bb column_direction_tablet=\u00bbdefault\u00bb column_direction_phone=\u00bbdefault\u00bb scene_position=\u00bbcenter\u00bb top_padding=\u00bb10px\u00bb constrain_group_1=\u00bbyes\u00bb bottom_padding=\u00bb10px\u00bb text_color=\u00bblight\u00bb text_align=\u00bbleft\u00bb row_border_radius=\u00bbnone\u00bb row_border_radius_applies=\u00bbbg\u00bb overflow=\u00bbvisible\u00bb advanced_gradient=\u00bblinear-gradient(71deg, rgba(0, 85, 88,...\" \/>\n<meta property=\"og:url\" content=\"https:\/\/egam.cat\/es\/servicios\/formacion-y-difusion\/formacion-ambiental\/\" \/>\n<meta property=\"og:site_name\" content=\"Egam\" \/>\n<meta property=\"article:modified_time\" content=\"2024-03-14T15:36:48+00:00\" \/>\n<meta name=\"twitter:card\" content=\"summary_large_image\" \/>\n<meta name=\"twitter:label1\" content=\"Tiempo de lectura\" \/>\n\t<meta name=\"twitter:data1\" content=\"4 minutos\" \/>\n<script type=\"application\/ld+json\" class=\"yoast-schema-graph\">{\"@context\":\"https:\/\/schema.org\",\"@graph\":[{\"@type\":\"WebPage\",\"@id\":\"https:\/\/egam.cat\/es\/servicios\/formacion-y-difusion\/formacion-ambiental\/\",\"url\":\"https:\/\/egam.cat\/es\/servicios\/formacion-y-difusion\/formacion-ambiental\/\",\"name\":\"Formaci\u00f3n ambiental - Egam\",\"isPartOf\":{\"@id\":\"https:\/\/egam.cat\/#website\"},\"datePublished\":\"2024-03-01T16:29:39+00:00\",\"dateModified\":\"2024-03-14T15:36:48+00:00\",\"breadcrumb\":{\"@id\":\"https:\/\/egam.cat\/es\/servicios\/formacion-y-difusion\/formacion-ambiental\/#breadcrumb\"},\"inLanguage\":\"es\",\"potentialAction\":[{\"@type\":\"ReadAction\",\"target\":[\"https:\/\/egam.cat\/es\/servicios\/formacion-y-difusion\/formacion-ambiental\/\"]}]},{\"@type\":\"BreadcrumbList\",\"@id\":\"https:\/\/egam.cat\/es\/servicios\/formacion-y-difusion\/formacion-ambiental\/#breadcrumb\",\"itemListElement\":[{\"@type\":\"ListItem\",\"position\":1,\"name\":\"Nosaltres\",\"item\":\"https:\/\/egam.cat\/es\/\"},{\"@type\":\"ListItem\",\"position\":2,\"name\":\"Servicios\",\"item\":\"https:\/\/egam.cat\/es\/servicios\/\"},{\"@type\":\"ListItem\",\"position\":3,\"name\":\"Formaci\u00f3n y difusi\u00f3n\",\"item\":\"https:\/\/egam.cat\/es\/servicios\/formacion-y-difusion\/\"},{\"@type\":\"ListItem\",\"position\":4,\"name\":\"Formaci\u00f3n ambiental\"}]},{\"@type\":\"WebSite\",\"@id\":\"https:\/\/egam.cat\/#website\",\"url\":\"https:\/\/egam.cat\/\",\"name\":\"Egam\",\"description\":\"Consultoria ambiental\",\"potentialAction\":[{\"@type\":\"SearchAction\",\"target\":{\"@type\":\"EntryPoint\",\"urlTemplate\":\"https:\/\/egam.cat\/?s={search_term_string}\"},\"query-input\":\"required name=search_term_string\"}],\"inLanguage\":\"es\"}]}<\/script>\n<!-- \/ Yoast SEO plugin. -->","yoast_head_json":{"title":"Formaci\u00f3n ambiental - Egam","robots":{"index":"index","follow":"follow","max-snippet":"max-snippet:-1","max-image-preview":"max-image-preview:large","max-video-preview":"max-video-preview:-1"},"canonical":"https:\/\/egam.cat\/es\/servicios\/formacion-y-difusion\/formacion-ambiental\/","og_locale":"es_ES","og_type":"article","og_title":"Formaci\u00f3n ambiental - Egam","og_description":"[vc_row type=\u00bbfull_width_background\u00bb full_screen_row_position=\u00bbmiddle\u00bb column_margin=\u00bbdefault\u00bb column_direction=\u00bbdefault\u00bb column_direction_tablet=\u00bbdefault\u00bb column_direction_phone=\u00bbdefault\u00bb scene_position=\u00bbcenter\u00bb top_padding=\u00bb10px\u00bb constrain_group_1=\u00bbyes\u00bb bottom_padding=\u00bb10px\u00bb text_color=\u00bblight\u00bb text_align=\u00bbleft\u00bb row_border_radius=\u00bbnone\u00bb row_border_radius_applies=\u00bbbg\u00bb overflow=\u00bbvisible\u00bb advanced_gradient=\u00bblinear-gradient(71deg, rgba(0, 85, 88,...","og_url":"https:\/\/egam.cat\/es\/servicios\/formacion-y-difusion\/formacion-ambiental\/","og_site_name":"Egam","article_modified_time":"2024-03-14T15:36:48+00:00","twitter_card":"summary_large_image","twitter_misc":{"Tiempo de lectura":"4 minutos"},"schema":{"@context":"https:\/\/schema.org","@graph":[{"@type":"WebPage","@id":"https:\/\/egam.cat\/es\/servicios\/formacion-y-difusion\/formacion-ambiental\/","url":"https:\/\/egam.cat\/es\/servicios\/formacion-y-difusion\/formacion-ambiental\/","name":"Formaci\u00f3n ambiental - Egam","isPartOf":{"@id":"https:\/\/egam.cat\/#website"},"datePublished":"2024-03-01T16:29:39+00:00","dateModified":"2024-03-14T15:36:48+00:00","breadcrumb":{"@id":"https:\/\/egam.cat\/es\/servicios\/formacion-y-difusion\/formacion-ambiental\/#breadcrumb"},"inLanguage":"es","potentialAction":[{"@type":"ReadAction","target":["https:\/\/egam.cat\/es\/servicios\/formacion-y-difusion\/formacion-ambiental\/"]}]},{"@type":"BreadcrumbList","@id":"https:\/\/egam.cat\/es\/servicios\/formacion-y-difusion\/formacion-ambiental\/#breadcrumb","itemListElement":[{"@type":"ListItem","position":1,"name":"Nosaltres","item":"https:\/\/egam.cat\/es\/"},{"@type":"ListItem","position":2,"name":"Servicios","item":"https:\/\/egam.cat\/es\/servicios\/"},{"@type":"ListItem","position":3,"name":"Formaci\u00f3n y difusi\u00f3n","item":"https:\/\/egam.cat\/es\/servicios\/formacion-y-difusion\/"},{"@type":"ListItem","position":4,"name":"Formaci\u00f3n ambiental"}]},{"@type":"WebSite","@id":"https:\/\/egam.cat\/#website","url":"https:\/\/egam.cat\/","name":"Egam","description":"Consultoria ambiental","potentialAction":[{"@type":"SearchAction","target":{"@type":"EntryPoint","urlTemplate":"https:\/\/egam.cat\/?s={search_term_string}"},"query-input":"required name=search_term_string"}],"inLanguage":"es"}]}},"_links":{"self":[{"href":"https:\/\/egam.cat\/es\/wp-json\/wp\/v2\/pages\/662","targetHints":{"allow":["GET"]}}],"collection":[{"href":"https:\/\/egam.cat\/es\/wp-json\/wp\/v2\/pages"}],"about":[{"href":"https:\/\/egam.cat\/es\/wp-json\/wp\/v2\/types\/page"}],"author":[{"embeddable":true,"href":"https:\/\/egam.cat\/es\/wp-json\/wp\/v2\/users\/2"}],"replies":[{"embeddable":true,"href":"https:\/\/egam.cat\/es\/wp-json\/wp\/v2\/comments?post=662"}],"version-history":[{"count":2,"href":"https:\/\/egam.cat\/es\/wp-json\/wp\/v2\/pages\/662\/revisions"}],"predecessor-version":[{"id":664,"href":"https:\/\/egam.cat\/es\/wp-json\/wp\/v2\/pages\/662\/revisions\/664"}],"up":[{"embeddable":true,"href":"https:\/\/egam.cat\/es\/wp-json\/wp\/v2\/pages\/652"}],"wp:attachment":[{"href":"https:\/\/egam.cat\/es\/wp-json\/wp\/v2\/media?parent=662"}],"curies":[{"name":"wp","href":"https:\/\/api.w.org\/{rel}","templated":true}]}}