{"id":633,"date":"2024-01-26T12:47:44","date_gmt":"2024-01-26T12:47:44","guid":{"rendered":"http:\/\/egam.cat\/servicios\/estudis-i-planificacio-del-medi-natural\/"},"modified":"2024-04-09T13:19:18","modified_gmt":"2024-04-09T13:19:18","slug":"estudios-y-planificacion-del-medio-natural","status":"publish","type":"page","link":"https:\/\/egam.cat\/es\/servicios\/estudios-y-planificacion-del-medio-natural\/","title":{"rendered":"Estudios y planificaci\u00f3n del medio natural"},"content":{"rendered":"[vc_row type=\u00bbfull_width_background\u00bb full_screen_row_position=\u00bbmiddle\u00bb column_margin=\u00bbdefault\u00bb column_direction=\u00bbdefault\u00bb column_direction_tablet=\u00bbdefault\u00bb column_direction_phone=\u00bbdefault\u00bb scene_position=\u00bbcenter\u00bb top_padding=\u00bb10px\u00bb constrain_group_1=\u00bbyes\u00bb bottom_padding=\u00bb10px\u00bb text_color=\u00bblight\u00bb text_align=\u00bbleft\u00bb row_border_radius=\u00bbnone\u00bb row_border_radius_applies=\u00bbbg\u00bb overflow=\u00bbvisible\u00bb advanced_gradient=\u00bblinear-gradient(71deg, rgba(0, 85, 88, 0.8) 10%, rgba(0, 85, 88, 0.61) 90%)\u00bb advanced_gradient_angle=\u00bb71&#8243; shape_divider_position=\u00bbbottom\u00bb bg_image_animation=\u00bbnone\u00bb gradient_type=\u00bbadvanced\u00bb shape_type=\u00bb\u00bb advanced_gradient_display_type=\u00bblinear\u00bb][vc_column column_padding=\u00bbno-extra-padding\u00bb column_padding_tablet=\u00bbinherit\u00bb column_padding_phone=\u00bbinherit\u00bb column_padding_position=\u00bball\u00bb column_element_direction_desktop=\u00bbdefault\u00bb column_element_spacing=\u00bbdefault\u00bb desktop_text_alignment=\u00bbdefault\u00bb tablet_text_alignment=\u00bbdefault\u00bb phone_text_alignment=\u00bbdefault\u00bb background_color_opacity=\u00bb1&#8243; background_hover_color_opacity=\u00bb1&#8243; column_backdrop_filter=\u00bbnone\u00bb column_shadow=\u00bbnone\u00bb column_border_radius=\u00bbnone\u00bb column_link_target=\u00bb_self\u00bb column_position=\u00bbdefault\u00bb gradient_direction=\u00bbleft_to_right\u00bb overlay_strength=\u00bb0.3&#8243; width=\u00bb1\/1&#8243; tablet_width_inherit=\u00bbdefault\u00bb animation_type=\u00bbdefault\u00bb bg_image_animation=\u00bbnone\u00bb border_type=\u00bbsimple\u00bb column_border_width=\u00bbnone\u00bb column_border_style=\u00bbsolid\u00bb][vc_column_text]<span><span><a href=\"https:\/\/egam.cat\/es\/\">Nosaltres<\/a><\/span><\/span>[\/vc_column_text][\/vc_column][\/vc_row][vc_row type=\u00bbfull_width_content\u00bb full_screen_row_position=\u00bbmiddle\u00bb column_margin=\u00bbdefault\u00bb equal_height=\u00bbyes\u00bb content_placement=\u00bbtop\u00bb column_direction=\u00bbdefault\u00bb column_direction_tablet=\u00bbdefault\u00bb column_direction_phone=\u00bbdefault\u00bb scene_position=\u00bbcenter\u00bb top_padding=\u00bb50px\u00bb bottom_padding=\u00bb0&#8243; left_padding_desktop=\u00bb30px\u00bb constrain_group_2=\u00bbyes\u00bb right_padding_desktop=\u00bb30px\u00bb text_color=\u00bbdark\u00bb text_align=\u00bbleft\u00bb row_border_radius=\u00bbnone\u00bb row_border_radius_applies=\u00bbbg\u00bb overflow=\u00bbvisible\u00bb overlay_strength=\u00bb0.3&#8243; gradient_direction=\u00bbleft_to_right\u00bb shape_divider_position=\u00bbbottom\u00bb bg_image_animation=\u00bbnone\u00bb gradient_type=\u00bbdefault\u00bb shape_type=\u00bb\u00bb][vc_column column_padding=\u00bbno-extra-padding\u00bb column_padding_tablet=\u00bbinherit\u00bb column_padding_phone=\u00bbinherit\u00bb column_padding_position=\u00bball\u00bb column_element_direction_desktop=\u00bbdefault\u00bb column_element_spacing=\u00bbdefault\u00bb desktop_text_alignment=\u00bbdefault\u00bb tablet_text_alignment=\u00bbdefault\u00bb phone_text_alignment=\u00bbdefault\u00bb background_color_opacity=\u00bb1&#8243; background_hover_color_opacity=\u00bb1&#8243; column_backdrop_filter=\u00bbnone\u00bb column_shadow=\u00bbnone\u00bb column_border_radius=\u00bbnone\u00bb column_link_target=\u00bb_self\u00bb column_position=\u00bbdefault\u00bb gradient_direction=\u00bbleft_to_right\u00bb overlay_strength=\u00bb0.3&#8243; width=\u00bb2\/6&#8243; tablet_width_inherit=\u00bbdefault\u00bb animation_type=\u00bbdefault\u00bb bg_image_animation=\u00bbnone\u00bb border_type=\u00bbsimple\u00bb column_border_width=\u00bbnone\u00bb column_border_style=\u00bbsolid\u00bb column_padding_type=\u00bbdefault\u00bb gradient_type=\u00bbdefault\u00bb][image_with_animation image_url=\u00bb155&#8243; image_size=\u00bbfull\u00bb animation_type=\u00bbentrance\u00bb animation=\u00bbNone\u00bb animation_movement_type=\u00bbtransform_y\u00bb hover_animation=\u00bbnone\u00bb alignment=\u00bb\u00bb border_radius=\u00bbnone\u00bb box_shadow=\u00bbnone\u00bb image_loading=\u00bbdefault\u00bb max_width=\u00bb100%\u00bb max_width_mobile=\u00bbdefault\u00bb][\/vc_column][vc_column column_padding=\u00bbpadding-5-percent\u00bb column_padding_tablet=\u00bbinherit\u00bb column_padding_phone=\u00bbinherit\u00bb column_padding_position=\u00bbleft\u00bb top_margin_tablet=\u00bb50px\u00bb column_element_direction_desktop=\u00bbdefault\u00bb column_element_spacing=\u00bbdefault\u00bb desktop_text_alignment=\u00bbdefault\u00bb tablet_text_alignment=\u00bbdefault\u00bb phone_text_alignment=\u00bbdefault\u00bb background_color_opacity=\u00bb1&#8243; background_hover_color_opacity=\u00bb1&#8243; column_backdrop_filter=\u00bbnone\u00bb column_shadow=\u00bbnone\u00bb column_border_radius=\u00bbnone\u00bb column_link_target=\u00bb_self\u00bb column_position=\u00bbdefault\u00bb gradient_direction=\u00bbleft_to_right\u00bb overlay_strength=\u00bb0.3&#8243; width=\u00bb3\/6&#8243; tablet_width_inherit=\u00bbdefault\u00bb animation_type=\u00bbdefault\u00bb bg_image_animation=\u00bbnone\u00bb border_type=\u00bbsimple\u00bb column_border_width=\u00bbnone\u00bb column_border_style=\u00bbsolid\u00bb column_padding_type=\u00bbdefault\u00bb gradient_type=\u00bbdefault\u00bb][split_line_heading animation_type=\u00bbline-reveal-by-space\u00bb font_style=\u00bbh2&#8243; line_reveal_by_space_text_effect=\u00bbnone\u00bb content_alignment=\u00bbdefault\u00bb mobile_content_alignment=\u00bbinherit\u00bb link_target=\u00bb_self\u00bb text_content=\u00bbEstudios y planificaci\u00f3n del medio natural\u00bb font_size=\u00bb3vw\u00bb][\/split_line_heading][divider line_type=\u00bbSmall Line\u00bb line_alignment=\u00bbdefault\u00bb line_thickness=\u00bb1&#8243; divider_color=\u00bbextra-color-1&#8243; custom_height=\u00bb35&#8243;][vc_column_text css=\u00bb.vc_custom_1710176572189{margin-top: 80px !important;}\u00bb]\n<h3>Tipolog\u00eda de estudios y ejemplos<\/h3>\n[\/vc_column_text][toggles style=\u00bbminimal_small\u00bb][toggle color=\u00bbExtra-Color-2&#8243; heading_tag=\u00bbdefault\u00bb heading_tag_functionality=\u00bbdefault\u00bb title=\u00bbEvaluaci\u00f3n ambiental de planes, programas y proyectos\u00bb][divider line_type=\u00bbNo Line\u00bb custom_height=\u00bb50px\u00bb][vc_column_text]Estudio de impacto ambiental. Acondicionamiento de un tramo de la carretera GIV-6226, de la N-II en Vila\u00fcr por Garrig\u00e0s. Variante de Arenys d&#8217;Empord\u00e0 y nuevo puente sobre el r\u00edo Fluvi\u00e0. Diputaci\u00f3n de Girona. Noviembre 2019.[\/vc_column_text][nectar_btn size=\u00bbsmall\u00bb button_style=\u00bbregular\u00bb button_color_2=\u00bbAccent-Color\u00bb icon_family=\u00bbnone\u00bb text=\u00bb+ info\u00bb url=\u00bbhttp:\/\/egam.cat\/es\/servicios\/estudios-y-planificacion-del-medio-natural\/evaluacion-ambiental-de-planes-y-programas\/\u00bb][divider line_type=\u00bbFull Width Line\u00bb line_thickness=\u00bb1&#8243; divider_color=\u00bbextra-color-1&#8243; custom_height=\u00bb50px\u00bb][vc_column_text]Documento ambiental estrat\u00e9gico. Modificaci\u00f3n puntual del PGOU de Ma\u00e7anet de la Selva por ampliaci\u00f3n del sistema de equipamientos comunitario y del de parques, plazas y jardines en el sector adyacente a la nueva escuela. Ayuntamiento de Ma\u00e7anet de la Selva. Julio 2018[\/vc_column_text][divider line_type=\u00bbNo Line\u00bb custom_height=\u00bb50px\u00bb][\/toggle][toggle color=\u00bbDefault\u00bb heading_tag=\u00bbdefault\u00bb heading_tag_functionality=\u00bbdefault\u00bb title=\u00bbPlanificaci\u00f3n, ordenaci\u00f3n y gesti\u00f3n del medio natural\u00bb][divider line_type=\u00bbNo Line\u00bb custom_height=\u00bb50px\u00bb][vc_column_text]Asistencia t\u00e9cnica para la definici\u00f3n de criterios ambientales en los proyectos de plantas fotovoltaicas. Direcci\u00f3n General de Pol\u00edticas Ambientales y Medio Natural. Departamento de Acci\u00f3n Clim\u00e1tica, Alimentaci\u00f3n y Agenda Rural. Septiembre 2022.[\/vc_column_text][nectar_btn size=\u00bbsmall\u00bb button_style=\u00bbregular\u00bb button_color_2=\u00bbAccent-Color\u00bb icon_family=\u00bbnone\u00bb text=\u00bb+ info\u00bb url=\u00bbhttp:\/\/egam.cat\/es\/servicios\/estudios-y-planificacion-del-medio-natural\/planificacion-ordenacion-y-gestion-del-medio-natural\/\u00bb][divider line_type=\u00bbFull Width Line\u00bb line_thickness=\u00bb1&#8243; divider_color=\u00bbextra-color-1&#8243; custom_height=\u00bb50px\u00bb][vc_column_text]Homogeneizaci\u00f3n de la informaci\u00f3n y mejora de la caracterizaci\u00f3n de las Riberas y de los h\u00e1bitats fluviales de las reservas naturales fluviales en el distrito de Cuenca fluvial de Catalunya. Clave:CNT1700361. Agencia Catalana del Agua. Diciembre 2018.[\/vc_column_text][divider line_type=\u00bbFull Width Line\u00bb line_thickness=\u00bb1&#8243; divider_color=\u00bbextra-color-1&#8243; custom_height=\u00bb50px\u00bb][vc_column_text]Plan especial del \u00e1rea de ribera de la Tordera en el t\u00e9rmino municipal de Sant Celoni. Ayuntamiento de St. Celoni. Enero 2008[\/vc_column_text][divider line_type=\u00bbNo Line\u00bb custom_height=\u00bb50px\u00bb][\/toggle][toggle color=\u00bbDefault\u00bb heading_tag=\u00bbdefault\u00bb heading_tag_functionality=\u00bbdefault\u00bb title=\u00bbEstudios de impacto e integraci\u00f3n paisaj\u00edstica\u00bb][divider line_type=\u00bbNo Line\u00bb custom_height=\u00bb50px\u00bb][vc_column_text]Estudio de impacto e integraci\u00f3n paisaj\u00edstica. Plan especial urban\u00edstico de desarrollo PEUD-1 Castillo de Santa Florentina. Eaux Arquitectos. Noviembre 2019[\/vc_column_text][nectar_btn size=\u00bbsmall\u00bb button_style=\u00bbregular\u00bb button_color_2=\u00bbAccent-Color\u00bb icon_family=\u00bbnone\u00bb text=\u00bb+ info\u00bb url=\u00bbhttp:\/\/egam.cat\/es\/servicios\/estudios-y-planificacion-del-medio-natural\/estudios-de-impacto-e-integracion-paisajistica\/\u00bb][divider line_type=\u00bbFull Width Line\u00bb line_thickness=\u00bb1&#8243; divider_color=\u00bbextra-color-1&#8243; custom_height=\u00bb50px\u00bb][vc_column_text]Estudio de impacto e integraci\u00f3n paisaj\u00edstica del Plan especial Urban\u00edstico aut\u00f3nomo en la planta potabilizadora del tratamiento de agua potable \u201cETAP LLORET-TOSSA\u201d Consorcio de la Costa Brava.Julio 2018.[\/vc_column_text][divider line_type=\u00bbNo Line\u00bb custom_height=\u00bb50px\u00bb][\/toggle][toggle color=\u00bbDefault\u00bb heading_tag=\u00bbdefault\u00bb heading_tag_functionality=\u00bbdefault\u00bb title=\u00bbSeguimiento de flora y fauna. Conectividad ecol\u00f3gica\u00bb][divider line_type=\u00bbNo Line\u00bb custom_height=\u00bb50px\u00bb][vc_column_text]Seguimiento ecosist\u00e9mico de las zonas III y IV del antiguo dep\u00f3sito controlado del Valle de Joan. \u00c1rea Metropolitana de Barcelona. Noviembre 2022 \u2013 en curso[\/vc_column_text][divider line_type=\u00bbFull Width Line\u00bb line_thickness=\u00bb1&#8243; divider_color=\u00bbextra-color-1&#8243; custom_height=\u00bb50px\u00bb][vc_column_text]Redacci\u00f3n de las propuestas de permeabilizaci\u00f3n ecol\u00f3gica de la carretera C-31B, y TV-3148 en torno al nuevo Suelo No urbanizable del sector 1-CTI de la modificaci\u00f3n del PDU de reordenaci\u00f3n del CRT de Vila-seca y Salou. INCASOL. Febrero 2022[\/vc_column_text][divider line_type=\u00bbFull Width Line\u00bb line_thickness=\u00bb1&#8243; divider_color=\u00bbextra-color-1&#8243; custom_height=\u00bb50px\u00bb][vc_column_text]Seguimiento del \u00e1guila perdicera (Hieraaetus fasciatus) en las obras de emergencia del tramo de puesta a cero de la carretera C-15. PK 35+200. Tramo: La Granada- Vilanova del Cam\u00ed. Eje Diagonal Concesionaria de la Generalitat de Catalunya. Febrero \u2013 Junio 2011[\/vc_column_text][nectar_btn size=\u00bbsmall\u00bb button_style=\u00bbregular\u00bb button_color_2=\u00bbAccent-Color\u00bb icon_family=\u00bbnone\u00bb text=\u00bb+ info\u00bb url=\u00bbhttp:\/\/egam.cat\/es\/servicios\/estudios-y-planificacion-del-medio-natural\/seguimiento-de-flora-y-fauna-conectividad-ecologica\/\u00bb][divider line_type=\u00bbNo Line\u00bb custom_height=\u00bb50px\u00bb][\/toggle][toggle color=\u00bbDefault\u00bb heading_tag=\u00bbdefault\u00bb heading_tag_functionality=\u00bbdefault\u00bb title=\u00bbAsesoramiento y otros estudios ambientales\u00bb][divider line_type=\u00bbNo Line\u00bb custom_height=\u00bb50px\u00bb][vc_column_text]Servicios para el inventario, diagnosis y propuesta priorizada de actuaciones dirigidas al mantenimiento integral del r\u00edo Llobregat entre Martorell y su desembocadura en mar. ECA. Departamento de Acci\u00f3n Clim\u00e1tica, Alimentaci\u00f3n y Agenda Rural. Mayo 2023[\/vc_column_text][nectar_btn size=\u00bbsmall\u00bb button_style=\u00bbregular\u00bb button_color_2=\u00bbAccent-Color\u00bb icon_family=\u00bbnone\u00bb text=\u00bb+ info\u00bb url=\u00bbhttp:\/\/egam.cat\/es\/servicios\/estudios-y-planificacion-del-medio-natural\/asesoramiento-y-otros-estudios-ambientales\/\u00bb][divider line_type=\u00bbFull Width Line\u00bb line_thickness=\u00bb1&#8243; divider_color=\u00bbextra-color-1&#8243; custom_height=\u00bb50px\u00bb][vc_column_text]Diagn\u00f3stico del estado actual del Tratamiento Terciario Blando de las aguas residuales tratadas en la EDAR de Tordera. Infraestructures.cat. Clave: AT-UPA-15001. Mayo 2016.[\/vc_column_text][divider line_type=\u00bbNo Line\u00bb custom_height=\u00bb50px\u00bb][\/toggle][\/toggles][\/vc_column][vc_column column_padding=\u00bbno-extra-padding\u00bb column_padding_tablet=\u00bbinherit\u00bb column_padding_phone=\u00bbinherit\u00bb column_padding_position=\u00bball\u00bb column_element_direction_desktop=\u00bbdefault\u00bb column_element_spacing=\u00bbdefault\u00bb desktop_text_alignment=\u00bbdefault\u00bb tablet_text_alignment=\u00bbdefault\u00bb phone_text_alignment=\u00bbdefault\u00bb background_color_opacity=\u00bb1&#8243; background_hover_color_opacity=\u00bb1&#8243; column_backdrop_filter=\u00bbnone\u00bb column_shadow=\u00bbnone\u00bb column_border_radius=\u00bbnone\u00bb column_link_target=\u00bb_self\u00bb column_position=\u00bbdefault\u00bb gradient_direction=\u00bbleft_to_right\u00bb overlay_strength=\u00bb0.3&#8243; width=\u00bb1\/6&#8243; tablet_width_inherit=\u00bbdefault\u00bb animation_type=\u00bbdefault\u00bb bg_image_animation=\u00bbnone\u00bb border_type=\u00bbsimple\u00bb column_border_width=\u00bbnone\u00bb column_border_style=\u00bbsolid\u00bb column_padding_type=\u00bbdefault\u00bb gradient_type=\u00bbdefault\u00bb offset=\u00bbvc_hidden-sm vc_hidden-xs\u00bb][nectar_global_section id=\u00bb597&#8243;][\/vc_column][\/vc_row][vc_row type=\u00bbfull_width_background\u00bb full_screen_row_position=\u00bbmiddle\u00bb column_margin=\u00bbdefault\u00bb column_direction=\u00bbdefault\u00bb column_direction_tablet=\u00bbdefault\u00bb column_direction_phone=\u00bbdefault\u00bb bg_color=\u00bb#f7f7f7&#8243; scene_position=\u00bbcenter\u00bb top_padding=\u00bb50&#8243; bottom_padding=\u00bb50&#8243; text_color=\u00bbdark\u00bb text_align=\u00bbleft\u00bb row_border_radius=\u00bbnone\u00bb row_border_radius_applies=\u00bbbg\u00bb overflow=\u00bbvisible\u00bb overlay_strength=\u00bb0.3&#8243; gradient_direction=\u00bbleft_to_right\u00bb shape_divider_position=\u00bbbottom\u00bb bg_image_animation=\u00bbnone\u00bb gradient_type=\u00bbdefault\u00bb shape_type=\u00bb\u00bb][vc_column column_padding=\u00bbno-extra-padding\u00bb column_padding_tablet=\u00bbinherit\u00bb column_padding_phone=\u00bbinherit\u00bb column_padding_position=\u00bball\u00bb column_element_direction_desktop=\u00bbdefault\u00bb column_element_spacing=\u00bbdefault\u00bb desktop_text_alignment=\u00bbdefault\u00bb tablet_text_alignment=\u00bbdefault\u00bb phone_text_alignment=\u00bbdefault\u00bb background_color_opacity=\u00bb1&#8243; background_hover_color_opacity=\u00bb1&#8243; column_backdrop_filter=\u00bbnone\u00bb column_shadow=\u00bbnone\u00bb column_border_radius=\u00bbnone\u00bb column_link_target=\u00bb_self\u00bb column_position=\u00bbdefault\u00bb gradient_direction=\u00bbleft_to_right\u00bb overlay_strength=\u00bb0.3&#8243; width=\u00bb1\/1&#8243; tablet_width_inherit=\u00bbdefault\u00bb animation_type=\u00bbdefault\u00bb bg_image_animation=\u00bbnone\u00bb border_type=\u00bbsimple\u00bb column_border_width=\u00bbnone\u00bb column_border_style=\u00bbsolid\u00bb][vc_column_text]\n<h4><strong>Elaboramos estudios relacionados con la evaluaci\u00f3n ambiental de planes, programas y proyectos (estudios de impacto ambiental, documentos ambientales, documentos ambientales estrat\u00e9gicos, etc.), planes de gesti\u00f3n y ordenaci\u00f3n del medio natural (planes especiales, planes de gesti\u00f3n, planes directores , planes de actuaciones), estudios de impacto e integraci\u00f3n paisaj\u00edstica, estudios de conectividad ecol\u00f3gica o de permeabilizaci\u00f3n de infraestructuras, seguimientos de flora y fauna u otros estudios ambientales de asesoramiento a la administraci\u00f3n p\u00fablica o al sector privado en el \u00e1mbito del medio natural.<\/strong><\/h4>\n[\/vc_column_text][\/vc_column][\/vc_row]\n","protected":false},"excerpt":{"rendered":"<p>[vc_row type=\u00bbfull_width_background\u00bb full_screen_row_position=\u00bbmiddle\u00bb column_margin=\u00bbdefault\u00bb column_direction=\u00bbdefault\u00bb column_direction_tablet=\u00bbdefault\u00bb column_direction_phone=\u00bbdefault\u00bb scene_position=\u00bbcenter\u00bb top_padding=\u00bb10px\u00bb constrain_group_1=\u00bbyes\u00bb bottom_padding=\u00bb10px\u00bb text_color=\u00bblight\u00bb text_align=\u00bbleft\u00bb row_border_radius=\u00bbnone\u00bb row_border_radius_applies=\u00bbbg\u00bb overflow=\u00bbvisible\u00bb advanced_gradient=\u00bblinear-gradient(71deg, rgba(0, 85, 88,&#8230;<\/p>\n","protected":false},"author":2,"featured_media":0,"parent":611,"menu_order":0,"comment_status":"closed","ping_status":"closed","template":"","meta":{"footnotes":""},"class_list":["post-633","page","type-page","status-publish"],"yoast_head":"<!-- This site is optimized with the Yoast SEO plugin v22.1 - https:\/\/yoast.com\/wordpress\/plugins\/seo\/ -->\n<title>Estudios y planificaci\u00f3n del medio natural - Egam<\/title>\n<meta name=\"robots\" content=\"index, follow, max-snippet:-1, max-image-preview:large, max-video-preview:-1\" \/>\n<link rel=\"canonical\" href=\"https:\/\/egam.cat\/es\/servicios\/estudios-y-planificacion-del-medio-natural\/\" \/>\n<meta property=\"og:locale\" content=\"es_ES\" \/>\n<meta property=\"og:type\" content=\"article\" \/>\n<meta property=\"og:title\" content=\"Estudios y planificaci\u00f3n del medio natural - Egam\" \/>\n<meta property=\"og:description\" content=\"[vc_row type=\u00bbfull_width_background\u00bb full_screen_row_position=\u00bbmiddle\u00bb column_margin=\u00bbdefault\u00bb column_direction=\u00bbdefault\u00bb column_direction_tablet=\u00bbdefault\u00bb column_direction_phone=\u00bbdefault\u00bb scene_position=\u00bbcenter\u00bb top_padding=\u00bb10px\u00bb constrain_group_1=\u00bbyes\u00bb bottom_padding=\u00bb10px\u00bb text_color=\u00bblight\u00bb text_align=\u00bbleft\u00bb row_border_radius=\u00bbnone\u00bb row_border_radius_applies=\u00bbbg\u00bb overflow=\u00bbvisible\u00bb advanced_gradient=\u00bblinear-gradient(71deg, rgba(0, 85, 88,...\" \/>\n<meta property=\"og:url\" content=\"https:\/\/egam.cat\/es\/servicios\/estudios-y-planificacion-del-medio-natural\/\" \/>\n<meta property=\"og:site_name\" content=\"Egam\" \/>\n<meta property=\"article:modified_time\" content=\"2024-04-09T13:19:18+00:00\" \/>\n<meta name=\"twitter:card\" content=\"summary_large_image\" \/>\n<meta name=\"twitter:label1\" content=\"Tiempo de lectura\" \/>\n\t<meta name=\"twitter:data1\" content=\"5 minutos\" \/>\n<script type=\"application\/ld+json\" class=\"yoast-schema-graph\">{\"@context\":\"https:\/\/schema.org\",\"@graph\":[{\"@type\":\"WebPage\",\"@id\":\"https:\/\/egam.cat\/es\/servicios\/estudios-y-planificacion-del-medio-natural\/\",\"url\":\"https:\/\/egam.cat\/es\/servicios\/estudios-y-planificacion-del-medio-natural\/\",\"name\":\"Estudios y planificaci\u00f3n del medio natural - Egam\",\"isPartOf\":{\"@id\":\"https:\/\/egam.cat\/#website\"},\"datePublished\":\"2024-01-26T12:47:44+00:00\",\"dateModified\":\"2024-04-09T13:19:18+00:00\",\"breadcrumb\":{\"@id\":\"https:\/\/egam.cat\/es\/servicios\/estudios-y-planificacion-del-medio-natural\/#breadcrumb\"},\"inLanguage\":\"es\",\"potentialAction\":[{\"@type\":\"ReadAction\",\"target\":[\"https:\/\/egam.cat\/es\/servicios\/estudios-y-planificacion-del-medio-natural\/\"]}]},{\"@type\":\"BreadcrumbList\",\"@id\":\"https:\/\/egam.cat\/es\/servicios\/estudios-y-planificacion-del-medio-natural\/#breadcrumb\",\"itemListElement\":[{\"@type\":\"ListItem\",\"position\":1,\"name\":\"Nosaltres\",\"item\":\"https:\/\/egam.cat\/es\/\"},{\"@type\":\"ListItem\",\"position\":2,\"name\":\"Servicios\",\"item\":\"https:\/\/egam.cat\/es\/servicios\/\"},{\"@type\":\"ListItem\",\"position\":3,\"name\":\"Estudios y planificaci\u00f3n del medio natural\"}]},{\"@type\":\"WebSite\",\"@id\":\"https:\/\/egam.cat\/#website\",\"url\":\"https:\/\/egam.cat\/\",\"name\":\"Egam\",\"description\":\"Consultoria ambiental\",\"potentialAction\":[{\"@type\":\"SearchAction\",\"target\":{\"@type\":\"EntryPoint\",\"urlTemplate\":\"https:\/\/egam.cat\/?s={search_term_string}\"},\"query-input\":\"required name=search_term_string\"}],\"inLanguage\":\"es\"}]}<\/script>\n<!-- \/ Yoast SEO plugin. -->","yoast_head_json":{"title":"Estudios y planificaci\u00f3n del medio natural - Egam","robots":{"index":"index","follow":"follow","max-snippet":"max-snippet:-1","max-image-preview":"max-image-preview:large","max-video-preview":"max-video-preview:-1"},"canonical":"https:\/\/egam.cat\/es\/servicios\/estudios-y-planificacion-del-medio-natural\/","og_locale":"es_ES","og_type":"article","og_title":"Estudios y planificaci\u00f3n del medio natural - Egam","og_description":"[vc_row type=\u00bbfull_width_background\u00bb full_screen_row_position=\u00bbmiddle\u00bb column_margin=\u00bbdefault\u00bb column_direction=\u00bbdefault\u00bb column_direction_tablet=\u00bbdefault\u00bb column_direction_phone=\u00bbdefault\u00bb scene_position=\u00bbcenter\u00bb top_padding=\u00bb10px\u00bb constrain_group_1=\u00bbyes\u00bb bottom_padding=\u00bb10px\u00bb text_color=\u00bblight\u00bb text_align=\u00bbleft\u00bb row_border_radius=\u00bbnone\u00bb row_border_radius_applies=\u00bbbg\u00bb overflow=\u00bbvisible\u00bb advanced_gradient=\u00bblinear-gradient(71deg, rgba(0, 85, 88,...","og_url":"https:\/\/egam.cat\/es\/servicios\/estudios-y-planificacion-del-medio-natural\/","og_site_name":"Egam","article_modified_time":"2024-04-09T13:19:18+00:00","twitter_card":"summary_large_image","twitter_misc":{"Tiempo de lectura":"5 minutos"},"schema":{"@context":"https:\/\/schema.org","@graph":[{"@type":"WebPage","@id":"https:\/\/egam.cat\/es\/servicios\/estudios-y-planificacion-del-medio-natural\/","url":"https:\/\/egam.cat\/es\/servicios\/estudios-y-planificacion-del-medio-natural\/","name":"Estudios y planificaci\u00f3n del medio natural - Egam","isPartOf":{"@id":"https:\/\/egam.cat\/#website"},"datePublished":"2024-01-26T12:47:44+00:00","dateModified":"2024-04-09T13:19:18+00:00","breadcrumb":{"@id":"https:\/\/egam.cat\/es\/servicios\/estudios-y-planificacion-del-medio-natural\/#breadcrumb"},"inLanguage":"es","potentialAction":[{"@type":"ReadAction","target":["https:\/\/egam.cat\/es\/servicios\/estudios-y-planificacion-del-medio-natural\/"]}]},{"@type":"BreadcrumbList","@id":"https:\/\/egam.cat\/es\/servicios\/estudios-y-planificacion-del-medio-natural\/#breadcrumb","itemListElement":[{"@type":"ListItem","position":1,"name":"Nosaltres","item":"https:\/\/egam.cat\/es\/"},{"@type":"ListItem","position":2,"name":"Servicios","item":"https:\/\/egam.cat\/es\/servicios\/"},{"@type":"ListItem","position":3,"name":"Estudios y planificaci\u00f3n del medio natural"}]},{"@type":"WebSite","@id":"https:\/\/egam.cat\/#website","url":"https:\/\/egam.cat\/","name":"Egam","description":"Consultoria ambiental","potentialAction":[{"@type":"SearchAction","target":{"@type":"EntryPoint","urlTemplate":"https:\/\/egam.cat\/?s={search_term_string}"},"query-input":"required name=search_term_string"}],"inLanguage":"es"}]}},"_links":{"self":[{"href":"https:\/\/egam.cat\/es\/wp-json\/wp\/v2\/pages\/633","targetHints":{"allow":["GET"]}}],"collection":[{"href":"https:\/\/egam.cat\/es\/wp-json\/wp\/v2\/pages"}],"about":[{"href":"https:\/\/egam.cat\/es\/wp-json\/wp\/v2\/types\/page"}],"author":[{"embeddable":true,"href":"https:\/\/egam.cat\/es\/wp-json\/wp\/v2\/users\/2"}],"replies":[{"embeddable":true,"href":"https:\/\/egam.cat\/es\/wp-json\/wp\/v2\/comments?post=633"}],"version-history":[{"count":7,"href":"https:\/\/egam.cat\/es\/wp-json\/wp\/v2\/pages\/633\/revisions"}],"predecessor-version":[{"id":779,"href":"https:\/\/egam.cat\/es\/wp-json\/wp\/v2\/pages\/633\/revisions\/779"}],"up":[{"embeddable":true,"href":"https:\/\/egam.cat\/es\/wp-json\/wp\/v2\/pages\/611"}],"wp:attachment":[{"href":"https:\/\/egam.cat\/es\/wp-json\/wp\/v2\/media?parent=633"}],"curies":[{"name":"wp","href":"https:\/\/api.w.org\/{rel}","templated":true}]}}