{"id":627,"date":"2024-03-01T16:09:33","date_gmt":"2024-03-01T16:09:33","guid":{"rendered":"http:\/\/egam.cat\/servicios\/asistencia-ambiental-y-direccion-de-obra\/assistencia-tecnica-ambiental-en-obra-civil\/"},"modified":"2024-03-11T16:49:44","modified_gmt":"2024-03-11T16:49:44","slug":"asistencia-tecnica-ambiental-en-obra-civilassistencia-tecnica-ambiental-en-obra-civil","status":"publish","type":"page","link":"https:\/\/egam.cat\/es\/servicios\/asistencia-ambiental-y-direccion-de-obra\/asistencia-tecnica-ambiental-en-obra-civilassistencia-tecnica-ambiental-en-obra-civil\/","title":{"rendered":"Asistencia t\u00e9cnica ambiental en obra civil"},"content":{"rendered":"[vc_row type=\u00bbfull_width_background\u00bb full_screen_row_position=\u00bbmiddle\u00bb column_margin=\u00bbdefault\u00bb column_direction=\u00bbdefault\u00bb column_direction_tablet=\u00bbdefault\u00bb column_direction_phone=\u00bbdefault\u00bb scene_position=\u00bbcenter\u00bb top_padding=\u00bb10px\u00bb constrain_group_1=\u00bbyes\u00bb bottom_padding=\u00bb10px\u00bb text_color=\u00bblight\u00bb text_align=\u00bbleft\u00bb row_border_radius=\u00bbnone\u00bb row_border_radius_applies=\u00bbbg\u00bb overflow=\u00bbvisible\u00bb advanced_gradient=\u00bblinear-gradient(71deg, rgba(0, 85, 88, 0.8) 10%, rgba(0, 85, 88, 0.61) 90%)\u00bb advanced_gradient_angle=\u00bb71&#8243; shape_divider_position=\u00bbbottom\u00bb bg_image_animation=\u00bbnone\u00bb gradient_type=\u00bbadvanced\u00bb shape_type=\u00bb\u00bb advanced_gradient_display_type=\u00bblinear\u00bb][vc_column column_padding=\u00bbno-extra-padding\u00bb column_padding_tablet=\u00bbinherit\u00bb column_padding_phone=\u00bbinherit\u00bb column_padding_position=\u00bball\u00bb column_element_direction_desktop=\u00bbdefault\u00bb column_element_spacing=\u00bbdefault\u00bb desktop_text_alignment=\u00bbdefault\u00bb tablet_text_alignment=\u00bbdefault\u00bb phone_text_alignment=\u00bbdefault\u00bb background_color_opacity=\u00bb1&#8243; background_hover_color_opacity=\u00bb1&#8243; column_backdrop_filter=\u00bbnone\u00bb column_shadow=\u00bbnone\u00bb column_border_radius=\u00bbnone\u00bb column_link_target=\u00bb_self\u00bb column_position=\u00bbdefault\u00bb gradient_direction=\u00bbleft_to_right\u00bb overlay_strength=\u00bb0.3&#8243; width=\u00bb1\/1&#8243; tablet_width_inherit=\u00bbdefault\u00bb animation_type=\u00bbdefault\u00bb bg_image_animation=\u00bbnone\u00bb border_type=\u00bbsimple\u00bb column_border_width=\u00bbnone\u00bb column_border_style=\u00bbsolid\u00bb][vc_column_text]\n<p style=\"font-size: 14px;\"><span><span><a href=\"https:\/\/egam.cat\/es\/\">Nosaltres<\/a><\/span><\/span>\n[\/vc_column_text][\/vc_column][\/vc_row][vc_row type=\u00bbin_container\u00bb full_screen_row_position=\u00bbmiddle\u00bb column_margin=\u00bbdefault\u00bb column_direction=\u00bbdefault\u00bb column_direction_tablet=\u00bbdefault\u00bb column_direction_phone=\u00bbdefault\u00bb scene_position=\u00bbcenter\u00bb top_padding=\u00bb50px\u00bb bottom_padding=\u00bb0&#8243; text_color=\u00bbdark\u00bb text_align=\u00bbleft\u00bb row_border_radius=\u00bbnone\u00bb row_border_radius_applies=\u00bbbg\u00bb overflow=\u00bbvisible\u00bb overlay_strength=\u00bb0.3&#8243; gradient_direction=\u00bbleft_to_right\u00bb shape_divider_position=\u00bbbottom\u00bb bg_image_animation=\u00bbnone\u00bb gradient_type=\u00bbdefault\u00bb shape_type=\u00bb\u00bb][vc_column column_padding=\u00bbno-extra-padding\u00bb column_padding_tablet=\u00bbinherit\u00bb column_padding_phone=\u00bbinherit\u00bb column_padding_position=\u00bball\u00bb column_element_direction_desktop=\u00bbdefault\u00bb column_element_spacing=\u00bbdefault\u00bb desktop_text_alignment=\u00bbdefault\u00bb tablet_text_alignment=\u00bbdefault\u00bb phone_text_alignment=\u00bbdefault\u00bb background_color_opacity=\u00bb1&#8243; background_hover_color_opacity=\u00bb1&#8243; column_backdrop_filter=\u00bbnone\u00bb column_shadow=\u00bbnone\u00bb column_border_radius=\u00bbnone\u00bb column_link_target=\u00bb_self\u00bb column_position=\u00bbdefault\u00bb gradient_direction=\u00bbleft_to_right\u00bb overlay_strength=\u00bb0.3&#8243; width=\u00bb5\/6&#8243; tablet_width_inherit=\u00bbdefault\u00bb animation_type=\u00bbdefault\u00bb bg_image_animation=\u00bbnone\u00bb border_type=\u00bbsimple\u00bb column_border_width=\u00bbnone\u00bb column_border_style=\u00bbsolid\u00bb][vc_column_text]\n<h2>Asistencia t\u00e9cnica ambiental de las obras para la implantaci\u00f3n de la red de tranv\u00eda y urbanizaci\u00f3n de la plaza de las Gl\u00f2ries (Barcelona). Fase 1<\/h2>\n[\/vc_column_text][vc_column_text css=\u00bb.vc_custom_1710175719796{border-left-width: 1px !important;padding-left: 20px !important;border-left-color: #005558 !important;}\u00bb]\n<h5>Cliente: ESTEYCO<\/h5>\n<p>Fecha: 2022-2024<br \/>\n\u00c1mbito: Barcelona[\/vc_column_text][nectar_icon_list color=\u00bbdefault\u00bb direction=\u00bbvertical\u00bb icon_size=\u00bbsmall\u00bb icon_style=\u00bbborder\u00bb][nectar_icon_list_item icon_type=\u00bbnumerical\u00bb text_full_html=\u00bbsimple\u00bb title=\u00bbList Item\u00bb id=\u00bb1710175640728-4&#8243; tab_id=\u00bb1710175640729-9&#8243; text=\u00bbSeguimiento, control y verificaci\u00f3n ambiental de la obra civil con el objetivo de evitar y minimizar impactos en fase de obra y revisi\u00f3n de proyectos.\u00bb][\/nectar_icon_list_item][nectar_icon_list_item icon_type=\u00bbnumerical\u00bb text_full_html=\u00bbsimple\u00bb title=\u00bbList Item\u00bb id=\u00bb1710175640742-9&#8243; tab_id=\u00bb1710175640743-4&#8243; text=\u00bbAsesoramiento e informaci\u00f3n a la direcci\u00f3n de obra y al contratista para evitar futuros impactos irreversibles y garantizar una correcta integraci\u00f3n paisaj\u00edstica.\u00bb][\/nectar_icon_list_item][nectar_icon_list_item icon_type=\u00bbnumerical\u00bb text_full_html=\u00bbsimple\u00bb title=\u00bbList Item\u00bb id=\u00bb1710175640752-0&#8243; tab_id=\u00bb1710175640752-5&#8243; text=\u00bbVerificaci\u00f3n del cumplimiento de las medidas correctoras establecidas por la Declaraci\u00f3n de Impacto Ambiental.\u00bb][\/nectar_icon_list_item][nectar_icon_list_item icon_type=\u00bbnumerical\u00bb text_full_html=\u00bbsimple\u00bb title=\u00bbList Item\u00bb id=\u00bb1710175640758-8&#8243; tab_id=\u00bb1710175640758-1&#8243; text=\u00bbSeguimiento de los Planes de Ambientalizaci\u00f3n de la obra y los programas de vigilancia ambiental definidos por los contratistas\u00bb][\/nectar_icon_list_item][nectar_icon_list_item icon_type=\u00bbnumerical\u00bb text_full_html=\u00bbsimple\u00bb title=\u00bbList Item\u00bb id=\u00bb1710175640764-4&#8243; tab_id=\u00bb1710175640765-4&#8243; text=\u00bbControl sobre la afecci\u00f3n del arbolado y zonas verdes\u00bb][\/nectar_icon_list_item][\/nectar_icon_list][vc_gallery type=\u00bbflickity_style\u00bb images=\u00bb399,400,401,402,403&#8243; flickity_spacing=\u00bbdefault\u00bb flickity_controls=\u00bbpagination\u00bb flickity_overflow=\u00bbhidden\u00bb flickity_wrap_around=\u00bbwrap\u00bb flickity_desktop_columns=\u00bb3&#8243; flickity_small_desktop_columns=\u00bb3&#8243; flickity_tablet_columns=\u00bb2&#8243; flickity_phone_columns=\u00bb2&#8243; flickity_box_shadow=\u00bbnone\u00bb image_loading=\u00bbdefault\u00bb onclick=\u00bblink_image\u00bb][\/vc_column][vc_column column_padding=\u00bbno-extra-padding\u00bb column_padding_tablet=\u00bbinherit\u00bb column_padding_phone=\u00bbinherit\u00bb column_padding_position=\u00bball\u00bb bottom_margin=\u00bb50px\u00bb column_element_direction_desktop=\u00bbdefault\u00bb column_element_spacing=\u00bbdefault\u00bb desktop_text_alignment=\u00bbdefault\u00bb tablet_text_alignment=\u00bbdefault\u00bb phone_text_alignment=\u00bbdefault\u00bb background_color_opacity=\u00bb1&#8243; background_hover_color_opacity=\u00bb1&#8243; column_backdrop_filter=\u00bbnone\u00bb column_shadow=\u00bbnone\u00bb column_border_radius=\u00bbnone\u00bb column_link_target=\u00bb_self\u00bb column_position=\u00bbdefault\u00bb gradient_direction=\u00bbleft_to_right\u00bb overlay_strength=\u00bb0.3&#8243; width=\u00bb1\/6&#8243; tablet_width_inherit=\u00bbdefault\u00bb animation_type=\u00bbdefault\u00bb bg_image_animation=\u00bbnone\u00bb border_type=\u00bbsimple\u00bb column_border_width=\u00bbnone\u00bb column_border_style=\u00bbsolid\u00bb column_padding_type=\u00bbdefault\u00bb gradient_type=\u00bbdefault\u00bb offset=\u00bbvc_hidden-sm vc_hidden-xs\u00bb][nectar_global_section id=\u00bb582&#8243;][\/vc_column][\/vc_row]\n","protected":false},"excerpt":{"rendered":"<p>[vc_row type=\u00bbfull_width_background\u00bb full_screen_row_position=\u00bbmiddle\u00bb column_margin=\u00bbdefault\u00bb column_direction=\u00bbdefault\u00bb column_direction_tablet=\u00bbdefault\u00bb column_direction_phone=\u00bbdefault\u00bb scene_position=\u00bbcenter\u00bb top_padding=\u00bb10px\u00bb constrain_group_1=\u00bbyes\u00bb bottom_padding=\u00bb10px\u00bb text_color=\u00bblight\u00bb text_align=\u00bbleft\u00bb row_border_radius=\u00bbnone\u00bb row_border_radius_applies=\u00bbbg\u00bb overflow=\u00bbvisible\u00bb advanced_gradient=\u00bblinear-gradient(71deg, rgba(0, 85, 88,&#8230;<\/p>\n","protected":false},"author":2,"featured_media":0,"parent":624,"menu_order":0,"comment_status":"closed","ping_status":"closed","template":"","meta":{"footnotes":""},"class_list":["post-627","page","type-page","status-publish"],"yoast_head":"<!-- This site is optimized with the Yoast SEO plugin v22.1 - https:\/\/yoast.com\/wordpress\/plugins\/seo\/ -->\n<title>Asistencia t\u00e9cnica ambiental en obra civil - Egam<\/title>\n<meta name=\"robots\" content=\"index, follow, max-snippet:-1, max-image-preview:large, max-video-preview:-1\" \/>\n<link rel=\"canonical\" href=\"https:\/\/egam.cat\/es\/servicios\/asistencia-ambiental-y-direccion-de-obra\/asistencia-tecnica-ambiental-en-obra-civilassistencia-tecnica-ambiental-en-obra-civil\/\" \/>\n<meta property=\"og:locale\" content=\"es_ES\" \/>\n<meta property=\"og:type\" content=\"article\" \/>\n<meta property=\"og:title\" content=\"Asistencia t\u00e9cnica ambiental en obra civil - Egam\" \/>\n<meta property=\"og:description\" content=\"[vc_row type=\u00bbfull_width_background\u00bb full_screen_row_position=\u00bbmiddle\u00bb column_margin=\u00bbdefault\u00bb column_direction=\u00bbdefault\u00bb column_direction_tablet=\u00bbdefault\u00bb column_direction_phone=\u00bbdefault\u00bb scene_position=\u00bbcenter\u00bb top_padding=\u00bb10px\u00bb constrain_group_1=\u00bbyes\u00bb bottom_padding=\u00bb10px\u00bb text_color=\u00bblight\u00bb text_align=\u00bbleft\u00bb row_border_radius=\u00bbnone\u00bb row_border_radius_applies=\u00bbbg\u00bb overflow=\u00bbvisible\u00bb advanced_gradient=\u00bblinear-gradient(71deg, rgba(0, 85, 88,...\" \/>\n<meta property=\"og:url\" content=\"https:\/\/egam.cat\/es\/servicios\/asistencia-ambiental-y-direccion-de-obra\/asistencia-tecnica-ambiental-en-obra-civilassistencia-tecnica-ambiental-en-obra-civil\/\" \/>\n<meta property=\"og:site_name\" content=\"Egam\" \/>\n<meta property=\"article:modified_time\" content=\"2024-03-11T16:49:44+00:00\" \/>\n<meta name=\"twitter:card\" content=\"summary_large_image\" \/>\n<meta name=\"twitter:label1\" content=\"Tiempo de lectura\" \/>\n\t<meta name=\"twitter:data1\" content=\"3 minutos\" \/>\n<script type=\"application\/ld+json\" class=\"yoast-schema-graph\">{\"@context\":\"https:\/\/schema.org\",\"@graph\":[{\"@type\":\"WebPage\",\"@id\":\"https:\/\/egam.cat\/es\/servicios\/asistencia-ambiental-y-direccion-de-obra\/asistencia-tecnica-ambiental-en-obra-civilassistencia-tecnica-ambiental-en-obra-civil\/\",\"url\":\"https:\/\/egam.cat\/es\/servicios\/asistencia-ambiental-y-direccion-de-obra\/asistencia-tecnica-ambiental-en-obra-civilassistencia-tecnica-ambiental-en-obra-civil\/\",\"name\":\"Asistencia t\u00e9cnica ambiental en obra civil - Egam\",\"isPartOf\":{\"@id\":\"https:\/\/egam.cat\/#website\"},\"datePublished\":\"2024-03-01T16:09:33+00:00\",\"dateModified\":\"2024-03-11T16:49:44+00:00\",\"breadcrumb\":{\"@id\":\"https:\/\/egam.cat\/es\/servicios\/asistencia-ambiental-y-direccion-de-obra\/asistencia-tecnica-ambiental-en-obra-civilassistencia-tecnica-ambiental-en-obra-civil\/#breadcrumb\"},\"inLanguage\":\"es\",\"potentialAction\":[{\"@type\":\"ReadAction\",\"target\":[\"https:\/\/egam.cat\/es\/servicios\/asistencia-ambiental-y-direccion-de-obra\/asistencia-tecnica-ambiental-en-obra-civilassistencia-tecnica-ambiental-en-obra-civil\/\"]}]},{\"@type\":\"BreadcrumbList\",\"@id\":\"https:\/\/egam.cat\/es\/servicios\/asistencia-ambiental-y-direccion-de-obra\/asistencia-tecnica-ambiental-en-obra-civilassistencia-tecnica-ambiental-en-obra-civil\/#breadcrumb\",\"itemListElement\":[{\"@type\":\"ListItem\",\"position\":1,\"name\":\"Nosaltres\",\"item\":\"https:\/\/egam.cat\/es\/\"},{\"@type\":\"ListItem\",\"position\":2,\"name\":\"Servicios\",\"item\":\"https:\/\/egam.cat\/es\/servicios\/\"},{\"@type\":\"ListItem\",\"position\":3,\"name\":\"Asistencia ambiental y direcci\u00f3n de obra\",\"item\":\"https:\/\/egam.cat\/es\/servicios\/asistencia-ambiental-y-direccion-de-obra\/\"},{\"@type\":\"ListItem\",\"position\":4,\"name\":\"Asistencia t\u00e9cnica ambiental en obra civil\"}]},{\"@type\":\"WebSite\",\"@id\":\"https:\/\/egam.cat\/#website\",\"url\":\"https:\/\/egam.cat\/\",\"name\":\"Egam\",\"description\":\"Consultoria ambiental\",\"potentialAction\":[{\"@type\":\"SearchAction\",\"target\":{\"@type\":\"EntryPoint\",\"urlTemplate\":\"https:\/\/egam.cat\/?s={search_term_string}\"},\"query-input\":\"required name=search_term_string\"}],\"inLanguage\":\"es\"}]}<\/script>\n<!-- \/ Yoast SEO plugin. -->","yoast_head_json":{"title":"Asistencia t\u00e9cnica ambiental en obra civil - Egam","robots":{"index":"index","follow":"follow","max-snippet":"max-snippet:-1","max-image-preview":"max-image-preview:large","max-video-preview":"max-video-preview:-1"},"canonical":"https:\/\/egam.cat\/es\/servicios\/asistencia-ambiental-y-direccion-de-obra\/asistencia-tecnica-ambiental-en-obra-civilassistencia-tecnica-ambiental-en-obra-civil\/","og_locale":"es_ES","og_type":"article","og_title":"Asistencia t\u00e9cnica ambiental en obra civil - Egam","og_description":"[vc_row type=\u00bbfull_width_background\u00bb full_screen_row_position=\u00bbmiddle\u00bb column_margin=\u00bbdefault\u00bb column_direction=\u00bbdefault\u00bb column_direction_tablet=\u00bbdefault\u00bb column_direction_phone=\u00bbdefault\u00bb scene_position=\u00bbcenter\u00bb top_padding=\u00bb10px\u00bb constrain_group_1=\u00bbyes\u00bb bottom_padding=\u00bb10px\u00bb text_color=\u00bblight\u00bb text_align=\u00bbleft\u00bb row_border_radius=\u00bbnone\u00bb row_border_radius_applies=\u00bbbg\u00bb overflow=\u00bbvisible\u00bb advanced_gradient=\u00bblinear-gradient(71deg, rgba(0, 85, 88,...","og_url":"https:\/\/egam.cat\/es\/servicios\/asistencia-ambiental-y-direccion-de-obra\/asistencia-tecnica-ambiental-en-obra-civilassistencia-tecnica-ambiental-en-obra-civil\/","og_site_name":"Egam","article_modified_time":"2024-03-11T16:49:44+00:00","twitter_card":"summary_large_image","twitter_misc":{"Tiempo de lectura":"3 minutos"},"schema":{"@context":"https:\/\/schema.org","@graph":[{"@type":"WebPage","@id":"https:\/\/egam.cat\/es\/servicios\/asistencia-ambiental-y-direccion-de-obra\/asistencia-tecnica-ambiental-en-obra-civilassistencia-tecnica-ambiental-en-obra-civil\/","url":"https:\/\/egam.cat\/es\/servicios\/asistencia-ambiental-y-direccion-de-obra\/asistencia-tecnica-ambiental-en-obra-civilassistencia-tecnica-ambiental-en-obra-civil\/","name":"Asistencia t\u00e9cnica ambiental en obra civil - Egam","isPartOf":{"@id":"https:\/\/egam.cat\/#website"},"datePublished":"2024-03-01T16:09:33+00:00","dateModified":"2024-03-11T16:49:44+00:00","breadcrumb":{"@id":"https:\/\/egam.cat\/es\/servicios\/asistencia-ambiental-y-direccion-de-obra\/asistencia-tecnica-ambiental-en-obra-civilassistencia-tecnica-ambiental-en-obra-civil\/#breadcrumb"},"inLanguage":"es","potentialAction":[{"@type":"ReadAction","target":["https:\/\/egam.cat\/es\/servicios\/asistencia-ambiental-y-direccion-de-obra\/asistencia-tecnica-ambiental-en-obra-civilassistencia-tecnica-ambiental-en-obra-civil\/"]}]},{"@type":"BreadcrumbList","@id":"https:\/\/egam.cat\/es\/servicios\/asistencia-ambiental-y-direccion-de-obra\/asistencia-tecnica-ambiental-en-obra-civilassistencia-tecnica-ambiental-en-obra-civil\/#breadcrumb","itemListElement":[{"@type":"ListItem","position":1,"name":"Nosaltres","item":"https:\/\/egam.cat\/es\/"},{"@type":"ListItem","position":2,"name":"Servicios","item":"https:\/\/egam.cat\/es\/servicios\/"},{"@type":"ListItem","position":3,"name":"Asistencia ambiental y direcci\u00f3n de obra","item":"https:\/\/egam.cat\/es\/servicios\/asistencia-ambiental-y-direccion-de-obra\/"},{"@type":"ListItem","position":4,"name":"Asistencia t\u00e9cnica ambiental en obra civil"}]},{"@type":"WebSite","@id":"https:\/\/egam.cat\/#website","url":"https:\/\/egam.cat\/","name":"Egam","description":"Consultoria ambiental","potentialAction":[{"@type":"SearchAction","target":{"@type":"EntryPoint","urlTemplate":"https:\/\/egam.cat\/?s={search_term_string}"},"query-input":"required name=search_term_string"}],"inLanguage":"es"}]}},"_links":{"self":[{"href":"https:\/\/egam.cat\/es\/wp-json\/wp\/v2\/pages\/627","targetHints":{"allow":["GET"]}}],"collection":[{"href":"https:\/\/egam.cat\/es\/wp-json\/wp\/v2\/pages"}],"about":[{"href":"https:\/\/egam.cat\/es\/wp-json\/wp\/v2\/types\/page"}],"author":[{"embeddable":true,"href":"https:\/\/egam.cat\/es\/wp-json\/wp\/v2\/users\/2"}],"replies":[{"embeddable":true,"href":"https:\/\/egam.cat\/es\/wp-json\/wp\/v2\/comments?post=627"}],"version-history":[{"count":2,"href":"https:\/\/egam.cat\/es\/wp-json\/wp\/v2\/pages\/627\/revisions"}],"predecessor-version":[{"id":629,"href":"https:\/\/egam.cat\/es\/wp-json\/wp\/v2\/pages\/627\/revisions\/629"}],"up":[{"embeddable":true,"href":"https:\/\/egam.cat\/es\/wp-json\/wp\/v2\/pages\/624"}],"wp:attachment":[{"href":"https:\/\/egam.cat\/es\/wp-json\/wp\/v2\/media?parent=627"}],"curies":[{"name":"wp","href":"https:\/\/api.w.org\/{rel}","templated":true}]}}