{"id":624,"date":"2024-01-26T12:49:34","date_gmt":"2024-01-26T12:49:34","guid":{"rendered":"http:\/\/egam.cat\/servicios\/assistencia-ambiental-i-direccio-dobra\/"},"modified":"2024-04-09T13:24:28","modified_gmt":"2024-04-09T13:24:28","slug":"asistencia-ambiental-y-direccion-de-obra","status":"publish","type":"page","link":"https:\/\/egam.cat\/es\/servicios\/asistencia-ambiental-y-direccion-de-obra\/","title":{"rendered":"Asistencia ambiental y direcci\u00f3n de obra"},"content":{"rendered":"[vc_row type=\u00bbfull_width_background\u00bb full_screen_row_position=\u00bbmiddle\u00bb column_margin=\u00bbdefault\u00bb column_direction=\u00bbdefault\u00bb column_direction_tablet=\u00bbdefault\u00bb column_direction_phone=\u00bbdefault\u00bb scene_position=\u00bbcenter\u00bb top_padding=\u00bb10px\u00bb constrain_group_1=\u00bbyes\u00bb bottom_padding=\u00bb10px\u00bb text_color=\u00bblight\u00bb text_align=\u00bbleft\u00bb row_border_radius=\u00bbnone\u00bb row_border_radius_applies=\u00bbbg\u00bb overflow=\u00bbvisible\u00bb advanced_gradient=\u00bblinear-gradient(71deg, rgba(0, 85, 88, 0.8) 10%, rgba(0, 85, 88, 0.61) 90%)\u00bb advanced_gradient_angle=\u00bb71&#8243; shape_divider_position=\u00bbbottom\u00bb bg_image_animation=\u00bbnone\u00bb gradient_type=\u00bbadvanced\u00bb shape_type=\u00bb\u00bb advanced_gradient_display_type=\u00bblinear\u00bb][vc_column column_padding=\u00bbno-extra-padding\u00bb column_padding_tablet=\u00bbinherit\u00bb column_padding_phone=\u00bbinherit\u00bb column_padding_position=\u00bball\u00bb column_element_direction_desktop=\u00bbdefault\u00bb column_element_spacing=\u00bbdefault\u00bb desktop_text_alignment=\u00bbdefault\u00bb tablet_text_alignment=\u00bbdefault\u00bb phone_text_alignment=\u00bbdefault\u00bb background_color_opacity=\u00bb1&#8243; background_hover_color_opacity=\u00bb1&#8243; column_backdrop_filter=\u00bbnone\u00bb column_shadow=\u00bbnone\u00bb column_border_radius=\u00bbnone\u00bb column_link_target=\u00bb_self\u00bb column_position=\u00bbdefault\u00bb gradient_direction=\u00bbleft_to_right\u00bb overlay_strength=\u00bb0.3&#8243; width=\u00bb1\/1&#8243; tablet_width_inherit=\u00bbdefault\u00bb animation_type=\u00bbdefault\u00bb bg_image_animation=\u00bbnone\u00bb border_type=\u00bbsimple\u00bb column_border_width=\u00bbnone\u00bb column_border_style=\u00bbsolid\u00bb][vc_column_text]<span><span><a href=\"https:\/\/egam.cat\/es\/\">Nosaltres<\/a><\/span><\/span>[\/vc_column_text][\/vc_column][\/vc_row][vc_row type=\u00bbfull_width_content\u00bb full_screen_row_position=\u00bbmiddle\u00bb column_margin=\u00bbdefault\u00bb equal_height=\u00bbyes\u00bb content_placement=\u00bbtop\u00bb column_direction=\u00bbdefault\u00bb column_direction_tablet=\u00bbdefault\u00bb column_direction_phone=\u00bbdefault\u00bb scene_position=\u00bbcenter\u00bb top_padding=\u00bb50px\u00bb bottom_padding=\u00bb0&#8243; left_padding_desktop=\u00bb30px\u00bb constrain_group_2=\u00bbyes\u00bb right_padding_desktop=\u00bb30px\u00bb text_color=\u00bbdark\u00bb text_align=\u00bbleft\u00bb row_border_radius=\u00bbnone\u00bb row_border_radius_applies=\u00bbbg\u00bb overflow=\u00bbvisible\u00bb overlay_strength=\u00bb0.3&#8243; gradient_direction=\u00bbleft_to_right\u00bb shape_divider_position=\u00bbbottom\u00bb bg_image_animation=\u00bbnone\u00bb gradient_type=\u00bbdefault\u00bb shape_type=\u00bb\u00bb][vc_column column_padding=\u00bbno-extra-padding\u00bb column_padding_tablet=\u00bbinherit\u00bb column_padding_phone=\u00bbinherit\u00bb column_padding_position=\u00bball\u00bb column_element_direction_desktop=\u00bbdefault\u00bb column_element_spacing=\u00bbdefault\u00bb desktop_text_alignment=\u00bbdefault\u00bb tablet_text_alignment=\u00bbdefault\u00bb phone_text_alignment=\u00bbdefault\u00bb background_color_opacity=\u00bb1&#8243; background_hover_color_opacity=\u00bb1&#8243; column_backdrop_filter=\u00bbnone\u00bb column_shadow=\u00bbnone\u00bb column_border_radius=\u00bbnone\u00bb column_link_target=\u00bb_self\u00bb column_position=\u00bbdefault\u00bb gradient_direction=\u00bbleft_to_right\u00bb overlay_strength=\u00bb0.3&#8243; width=\u00bb2\/6&#8243; tablet_width_inherit=\u00bbdefault\u00bb animation_type=\u00bbdefault\u00bb bg_image_animation=\u00bbnone\u00bb border_type=\u00bbsimple\u00bb column_border_width=\u00bbnone\u00bb column_border_style=\u00bbsolid\u00bb column_padding_type=\u00bbdefault\u00bb gradient_type=\u00bbdefault\u00bb][image_with_animation image_url=\u00bb221&#8243; image_size=\u00bbfull\u00bb animation_type=\u00bbentrance\u00bb animation=\u00bbNone\u00bb animation_movement_type=\u00bbtransform_y\u00bb hover_animation=\u00bbnone\u00bb alignment=\u00bb\u00bb border_radius=\u00bbnone\u00bb box_shadow=\u00bbnone\u00bb image_loading=\u00bbdefault\u00bb max_width=\u00bb100%\u00bb max_width_mobile=\u00bbdefault\u00bb][\/vc_column][vc_column column_padding=\u00bbpadding-5-percent\u00bb column_padding_tablet=\u00bbinherit\u00bb column_padding_phone=\u00bbinherit\u00bb column_padding_position=\u00bbleft\u00bb top_margin_tablet=\u00bb50px\u00bb column_element_direction_desktop=\u00bbdefault\u00bb column_element_spacing=\u00bbdefault\u00bb desktop_text_alignment=\u00bbdefault\u00bb tablet_text_alignment=\u00bbdefault\u00bb phone_text_alignment=\u00bbdefault\u00bb background_color_opacity=\u00bb1&#8243; background_hover_color_opacity=\u00bb1&#8243; column_backdrop_filter=\u00bbnone\u00bb column_shadow=\u00bbnone\u00bb column_border_radius=\u00bbnone\u00bb column_link_target=\u00bb_self\u00bb column_position=\u00bbdefault\u00bb gradient_direction=\u00bbleft_to_right\u00bb overlay_strength=\u00bb0.3&#8243; width=\u00bb3\/6&#8243; tablet_width_inherit=\u00bbdefault\u00bb animation_type=\u00bbdefault\u00bb bg_image_animation=\u00bbnone\u00bb border_type=\u00bbsimple\u00bb column_border_width=\u00bbnone\u00bb column_border_style=\u00bbsolid\u00bb column_padding_type=\u00bbdefault\u00bb gradient_type=\u00bbdefault\u00bb][split_line_heading animation_type=\u00bbline-reveal-by-space\u00bb font_style=\u00bbh2&#8243; line_reveal_by_space_text_effect=\u00bbnone\u00bb content_alignment=\u00bbdefault\u00bb mobile_content_alignment=\u00bbinherit\u00bb link_target=\u00bb_self\u00bb text_content=\u00bbAsistencia ambiental y direcci\u00f3n de obra\u00bb font_size=\u00bb3vw\u00bb][\/split_line_heading][divider line_type=\u00bbSmall Line\u00bb line_alignment=\u00bbdefault\u00bb line_thickness=\u00bb1&#8243; divider_color=\u00bbextra-color-1&#8243; custom_height=\u00bb35&#8243;][vc_column_text css=\u00bb.vc_custom_1710175275339{margin-top: 80px !important;}\u00bb]\n<h3>Tipolog\u00eda de estudios y ejemplos<\/h3>\n[\/vc_column_text][toggles style=\u00bbminimal_small\u00bb][toggle color=\u00bbExtra-Color-2&#8243; heading_tag=\u00bbdefault\u00bb heading_tag_functionality=\u00bbdefault\u00bb title=\u00bbAvaluaci\u00f3 ambiental de plans, programes i projectes\u00bb][divider line_type=\u00bbNo Line\u00bb custom_height=\u00bb50px\u00bb][vc_column_text]Asistencia t\u00e9cnica ambiental de las obras del proyecto constructivo del nuevo colector de salmueras. Cuenca del Llobregat. Ramal Llobregat. Tramo: Abrera &#8211; Castellgal\u00ed. Lote 1 y Lote 2. Clave: JC-19235. Infraestructuras.es. Enero 2022- en curso[\/vc_column_text][divider line_type=\u00bbFull Width Line\u00bb line_thickness=\u00bb1&#8243; divider_color=\u00bbextra-color-1&#8243; custom_height=\u00bb50px\u00bb][vc_column_text]Asistencia t\u00e9cnica ambiental de las obras para la implantaci\u00f3n de la red de tranv\u00eda y urbanizaci\u00f3n de la plaza de las Gl\u00f2ries (Barcelona). Fase 1. ESTEYCO. Febrero 2022 \u2013 en curso[\/vc_column_text][nectar_btn size=\u00bbsmall\u00bb button_style=\u00bbregular\u00bb button_color_2=\u00bbAccent-Color\u00bb icon_family=\u00bbnone\u00bb text=\u00bb+ info\u00bb url=\u00bbhttp:\/\/egam.cat\/es\/servicios\/asistencia-ambiental-y-direccion-de-obra\/asistencia-tecnica-ambiental-en-obra-civilassistencia-tecnica-ambiental-en-obra-civil\/\u00bb][divider line_type=\u00bbFull Width Line\u00bb line_thickness=\u00bb1&#8243; divider_color=\u00bbdefault\u00bb custom_height=\u00bb50px\u00bb][vc_column_text]Direcci\u00f3n ambiental de obra del desdoblamiento del Eix Transversal C-25. Cedinsa Eje Transversal. Inicio: Noviembre 2007 \/ Finalizaci\u00f3n: Julio 2013[\/vc_column_text][divider line_type=\u00bbNo Line\u00bb custom_height=\u00bb50px\u00bb][\/toggle][toggle color=\u00bbDefault\u00bb heading_tag=\u00bbdefault\u00bb heading_tag_functionality=\u00bbdefault\u00bb title=\u00bbDirecci\u00f3n de obra de proyectos de restauraci\u00f3n\u00bb][divider line_type=\u00bbNo Line\u00bb custom_height=\u00bb50px\u00bb][vc_column_text]Direcci\u00f3n de las obras del proyecto de restauraci\u00f3n paisaj\u00edstica y ordenaci\u00f3n del uso social en el Estanyol de la Guinardera fase II en el t\u00e9rmino municipal de Sant Cugat del Vall\u00e9s. \u00c1rea Metropolitana de Barcelona. Septiembre 2023 &#8211; en curso[\/vc_column_text][divider line_type=\u00bbFull Width Line\u00bb line_thickness=\u00bb1&#8243; divider_color=\u00bbextra-color-1&#8243; custom_height=\u00bb50px\u00bb][vc_column_text]Direcci\u00f3n de las obras del proyecto de naturalizaci\u00f3n y recuperaci\u00f3n de los sistemas naturales en el Embalse del Albag\u00e9s. Medidas correctoras y compensatorias del Regadio del Sistema Segarra-Garrigues. Declaraci\u00f3n de Impacto Ambiental 2010. Clave: MA-17905. Infraestructuras.es. Inicio: Noviembre 2019 \u2013 Finalizaci\u00f3n: febrero 2021[\/vc_column_text][divider line_type=\u00bbFull Width Line\u00bb line_thickness=\u00bb1&#8243; divider_color=\u00bbextra-color-1&#8243; custom_height=\u00bb50px\u00bb][vc_column_text]Direcci\u00f3n de las obras y coordinaci\u00f3n de seguridad y salud conjunta de mantenimiento de las obras del pliego. Conservaci\u00f3n semi-integral. Plantaciones. Conservaci\u00f3n de plantaciones y medidas correctoras de impacto ambiental de carreteras de Catalu\u00f1a 2016-2017. Clave: SC-SCC-15044. Infraestructuras.es. Inicio: Enero 2017 \u2013 Finalizaci\u00f3n: enero 2019[\/vc_column_text][nectar_btn size=\u00bbsmall\u00bb button_style=\u00bbregular\u00bb button_color_2=\u00bbAccent-Color\u00bb icon_family=\u00bbnone\u00bb text=\u00bb+ info\u00bb url=\u00bbhttp:\/\/egam.cat\/es\/servicios\/asistencia-ambiental-y-direccion-de-obra\/direccion-de-obra-de-proyectos-de-restauracion\/\u00bb][divider line_type=\u00bbNo Line\u00bb custom_height=\u00bb50px\u00bb][\/toggle][\/toggles][\/vc_column][vc_column column_padding=\u00bbno-extra-padding\u00bb column_padding_tablet=\u00bbinherit\u00bb column_padding_phone=\u00bbinherit\u00bb column_padding_position=\u00bball\u00bb column_element_direction_desktop=\u00bbdefault\u00bb column_element_spacing=\u00bbdefault\u00bb desktop_text_alignment=\u00bbdefault\u00bb tablet_text_alignment=\u00bbdefault\u00bb phone_text_alignment=\u00bbdefault\u00bb background_color_opacity=\u00bb1&#8243; background_hover_color_opacity=\u00bb1&#8243; column_backdrop_filter=\u00bbnone\u00bb column_shadow=\u00bbnone\u00bb column_border_radius=\u00bbnone\u00bb column_link_target=\u00bb_self\u00bb column_position=\u00bbdefault\u00bb gradient_direction=\u00bbleft_to_right\u00bb overlay_strength=\u00bb0.3&#8243; width=\u00bb1\/6&#8243; tablet_width_inherit=\u00bbdefault\u00bb animation_type=\u00bbdefault\u00bb bg_image_animation=\u00bbnone\u00bb border_type=\u00bbsimple\u00bb column_border_width=\u00bbnone\u00bb column_border_style=\u00bbsolid\u00bb column_padding_type=\u00bbdefault\u00bb gradient_type=\u00bbdefault\u00bb offset=\u00bbvc_hidden-sm vc_hidden-xs\u00bb][nectar_global_section id=\u00bb597&#8243;][\/vc_column][\/vc_row][vc_row type=\u00bbfull_width_background\u00bb full_screen_row_position=\u00bbmiddle\u00bb column_margin=\u00bbdefault\u00bb column_direction=\u00bbdefault\u00bb column_direction_tablet=\u00bbdefault\u00bb column_direction_phone=\u00bbdefault\u00bb bg_color=\u00bb#f7f7f7&#8243; scene_position=\u00bbcenter\u00bb top_padding=\u00bb50&#8243; bottom_padding=\u00bb50&#8243; text_color=\u00bbdark\u00bb text_align=\u00bbleft\u00bb row_border_radius=\u00bbnone\u00bb row_border_radius_applies=\u00bbbg\u00bb overflow=\u00bbvisible\u00bb overlay_strength=\u00bb0.3&#8243; gradient_direction=\u00bbleft_to_right\u00bb shape_divider_position=\u00bbbottom\u00bb bg_image_animation=\u00bbnone\u00bb gradient_type=\u00bbdefault\u00bb shape_type=\u00bb\u00bb][vc_column column_padding=\u00bbno-extra-padding\u00bb column_padding_tablet=\u00bbinherit\u00bb column_padding_phone=\u00bbinherit\u00bb column_padding_position=\u00bball\u00bb column_element_direction_desktop=\u00bbdefault\u00bb column_element_spacing=\u00bbdefault\u00bb desktop_text_alignment=\u00bbdefault\u00bb tablet_text_alignment=\u00bbdefault\u00bb phone_text_alignment=\u00bbdefault\u00bb background_color_opacity=\u00bb1&#8243; background_hover_color_opacity=\u00bb1&#8243; column_backdrop_filter=\u00bbnone\u00bb column_shadow=\u00bbnone\u00bb column_border_radius=\u00bbnone\u00bb column_link_target=\u00bb_self\u00bb column_position=\u00bbdefault\u00bb gradient_direction=\u00bbleft_to_right\u00bb overlay_strength=\u00bb0.3&#8243; width=\u00bb1\/1&#8243; tablet_width_inherit=\u00bbdefault\u00bb animation_type=\u00bbdefault\u00bb bg_image_animation=\u00bbnone\u00bb border_type=\u00bbsimple\u00bb column_border_width=\u00bbnone\u00bb column_border_style=\u00bbsolid\u00bb][vc_column_text]\n<h4><strong>Realizamos asistencias t\u00e9cnicas ambientales en la direcci\u00f3n de obra o en el contratista de proyectos de obra civil (carreteras, metros, tranv\u00edas, tuber\u00edas, l\u00edneas el\u00e9ctricas, urbanizaci\u00f3n). Tambi\u00e9n ofrecemos servicios de direcci\u00f3n de obra de proyectos de restauraci\u00f3n ambiental (espacios fluviales, zonas h\u00famedas, vertederos, actividades extractivas) y de mantenimiento y conservaci\u00f3n de plantaciones y medidas correctoras.<\/strong><\/h4>\n[\/vc_column_text][\/vc_column][\/vc_row]\n","protected":false},"excerpt":{"rendered":"<p>[vc_row type=\u00bbfull_width_background\u00bb full_screen_row_position=\u00bbmiddle\u00bb column_margin=\u00bbdefault\u00bb column_direction=\u00bbdefault\u00bb column_direction_tablet=\u00bbdefault\u00bb column_direction_phone=\u00bbdefault\u00bb scene_position=\u00bbcenter\u00bb top_padding=\u00bb10px\u00bb constrain_group_1=\u00bbyes\u00bb bottom_padding=\u00bb10px\u00bb text_color=\u00bblight\u00bb text_align=\u00bbleft\u00bb row_border_radius=\u00bbnone\u00bb row_border_radius_applies=\u00bbbg\u00bb overflow=\u00bbvisible\u00bb advanced_gradient=\u00bblinear-gradient(71deg, rgba(0, 85, 88,&#8230;<\/p>\n","protected":false},"author":2,"featured_media":0,"parent":611,"menu_order":0,"comment_status":"closed","ping_status":"closed","template":"","meta":{"footnotes":""},"class_list":["post-624","page","type-page","status-publish"],"yoast_head":"<!-- This site is optimized with the Yoast SEO plugin v22.1 - https:\/\/yoast.com\/wordpress\/plugins\/seo\/ -->\n<title>Asistencia ambiental y direcci\u00f3n de obra - Egam<\/title>\n<meta name=\"robots\" content=\"index, follow, max-snippet:-1, max-image-preview:large, max-video-preview:-1\" \/>\n<link rel=\"canonical\" href=\"https:\/\/egam.cat\/es\/servicios\/asistencia-ambiental-y-direccion-de-obra\/\" \/>\n<meta property=\"og:locale\" content=\"es_ES\" \/>\n<meta property=\"og:type\" content=\"article\" \/>\n<meta property=\"og:title\" content=\"Asistencia ambiental y direcci\u00f3n de obra - Egam\" \/>\n<meta property=\"og:description\" content=\"[vc_row type=\u00bbfull_width_background\u00bb full_screen_row_position=\u00bbmiddle\u00bb column_margin=\u00bbdefault\u00bb column_direction=\u00bbdefault\u00bb column_direction_tablet=\u00bbdefault\u00bb column_direction_phone=\u00bbdefault\u00bb scene_position=\u00bbcenter\u00bb top_padding=\u00bb10px\u00bb constrain_group_1=\u00bbyes\u00bb bottom_padding=\u00bb10px\u00bb text_color=\u00bblight\u00bb text_align=\u00bbleft\u00bb row_border_radius=\u00bbnone\u00bb row_border_radius_applies=\u00bbbg\u00bb overflow=\u00bbvisible\u00bb advanced_gradient=\u00bblinear-gradient(71deg, rgba(0, 85, 88,...\" \/>\n<meta property=\"og:url\" content=\"https:\/\/egam.cat\/es\/servicios\/asistencia-ambiental-y-direccion-de-obra\/\" \/>\n<meta property=\"og:site_name\" content=\"Egam\" \/>\n<meta property=\"article:modified_time\" content=\"2024-04-09T13:24:28+00:00\" \/>\n<meta name=\"twitter:card\" content=\"summary_large_image\" \/>\n<meta name=\"twitter:label1\" content=\"Tiempo de lectura\" \/>\n\t<meta name=\"twitter:data1\" content=\"4 minutos\" \/>\n<script type=\"application\/ld+json\" class=\"yoast-schema-graph\">{\"@context\":\"https:\/\/schema.org\",\"@graph\":[{\"@type\":\"WebPage\",\"@id\":\"https:\/\/egam.cat\/es\/servicios\/asistencia-ambiental-y-direccion-de-obra\/\",\"url\":\"https:\/\/egam.cat\/es\/servicios\/asistencia-ambiental-y-direccion-de-obra\/\",\"name\":\"Asistencia ambiental y direcci\u00f3n de obra - Egam\",\"isPartOf\":{\"@id\":\"https:\/\/egam.cat\/#website\"},\"datePublished\":\"2024-01-26T12:49:34+00:00\",\"dateModified\":\"2024-04-09T13:24:28+00:00\",\"breadcrumb\":{\"@id\":\"https:\/\/egam.cat\/es\/servicios\/asistencia-ambiental-y-direccion-de-obra\/#breadcrumb\"},\"inLanguage\":\"es\",\"potentialAction\":[{\"@type\":\"ReadAction\",\"target\":[\"https:\/\/egam.cat\/es\/servicios\/asistencia-ambiental-y-direccion-de-obra\/\"]}]},{\"@type\":\"BreadcrumbList\",\"@id\":\"https:\/\/egam.cat\/es\/servicios\/asistencia-ambiental-y-direccion-de-obra\/#breadcrumb\",\"itemListElement\":[{\"@type\":\"ListItem\",\"position\":1,\"name\":\"Nosaltres\",\"item\":\"https:\/\/egam.cat\/es\/\"},{\"@type\":\"ListItem\",\"position\":2,\"name\":\"Servicios\",\"item\":\"https:\/\/egam.cat\/es\/servicios\/\"},{\"@type\":\"ListItem\",\"position\":3,\"name\":\"Asistencia ambiental y direcci\u00f3n de obra\"}]},{\"@type\":\"WebSite\",\"@id\":\"https:\/\/egam.cat\/#website\",\"url\":\"https:\/\/egam.cat\/\",\"name\":\"Egam\",\"description\":\"Consultoria ambiental\",\"potentialAction\":[{\"@type\":\"SearchAction\",\"target\":{\"@type\":\"EntryPoint\",\"urlTemplate\":\"https:\/\/egam.cat\/?s={search_term_string}\"},\"query-input\":\"required name=search_term_string\"}],\"inLanguage\":\"es\"}]}<\/script>\n<!-- \/ Yoast SEO plugin. -->","yoast_head_json":{"title":"Asistencia ambiental y direcci\u00f3n de obra - Egam","robots":{"index":"index","follow":"follow","max-snippet":"max-snippet:-1","max-image-preview":"max-image-preview:large","max-video-preview":"max-video-preview:-1"},"canonical":"https:\/\/egam.cat\/es\/servicios\/asistencia-ambiental-y-direccion-de-obra\/","og_locale":"es_ES","og_type":"article","og_title":"Asistencia ambiental y direcci\u00f3n de obra - Egam","og_description":"[vc_row type=\u00bbfull_width_background\u00bb full_screen_row_position=\u00bbmiddle\u00bb column_margin=\u00bbdefault\u00bb column_direction=\u00bbdefault\u00bb column_direction_tablet=\u00bbdefault\u00bb column_direction_phone=\u00bbdefault\u00bb scene_position=\u00bbcenter\u00bb top_padding=\u00bb10px\u00bb constrain_group_1=\u00bbyes\u00bb bottom_padding=\u00bb10px\u00bb text_color=\u00bblight\u00bb text_align=\u00bbleft\u00bb row_border_radius=\u00bbnone\u00bb row_border_radius_applies=\u00bbbg\u00bb overflow=\u00bbvisible\u00bb advanced_gradient=\u00bblinear-gradient(71deg, rgba(0, 85, 88,...","og_url":"https:\/\/egam.cat\/es\/servicios\/asistencia-ambiental-y-direccion-de-obra\/","og_site_name":"Egam","article_modified_time":"2024-04-09T13:24:28+00:00","twitter_card":"summary_large_image","twitter_misc":{"Tiempo de lectura":"4 minutos"},"schema":{"@context":"https:\/\/schema.org","@graph":[{"@type":"WebPage","@id":"https:\/\/egam.cat\/es\/servicios\/asistencia-ambiental-y-direccion-de-obra\/","url":"https:\/\/egam.cat\/es\/servicios\/asistencia-ambiental-y-direccion-de-obra\/","name":"Asistencia ambiental y direcci\u00f3n de obra - Egam","isPartOf":{"@id":"https:\/\/egam.cat\/#website"},"datePublished":"2024-01-26T12:49:34+00:00","dateModified":"2024-04-09T13:24:28+00:00","breadcrumb":{"@id":"https:\/\/egam.cat\/es\/servicios\/asistencia-ambiental-y-direccion-de-obra\/#breadcrumb"},"inLanguage":"es","potentialAction":[{"@type":"ReadAction","target":["https:\/\/egam.cat\/es\/servicios\/asistencia-ambiental-y-direccion-de-obra\/"]}]},{"@type":"BreadcrumbList","@id":"https:\/\/egam.cat\/es\/servicios\/asistencia-ambiental-y-direccion-de-obra\/#breadcrumb","itemListElement":[{"@type":"ListItem","position":1,"name":"Nosaltres","item":"https:\/\/egam.cat\/es\/"},{"@type":"ListItem","position":2,"name":"Servicios","item":"https:\/\/egam.cat\/es\/servicios\/"},{"@type":"ListItem","position":3,"name":"Asistencia ambiental y direcci\u00f3n de obra"}]},{"@type":"WebSite","@id":"https:\/\/egam.cat\/#website","url":"https:\/\/egam.cat\/","name":"Egam","description":"Consultoria ambiental","potentialAction":[{"@type":"SearchAction","target":{"@type":"EntryPoint","urlTemplate":"https:\/\/egam.cat\/?s={search_term_string}"},"query-input":"required name=search_term_string"}],"inLanguage":"es"}]}},"_links":{"self":[{"href":"https:\/\/egam.cat\/es\/wp-json\/wp\/v2\/pages\/624","targetHints":{"allow":["GET"]}}],"collection":[{"href":"https:\/\/egam.cat\/es\/wp-json\/wp\/v2\/pages"}],"about":[{"href":"https:\/\/egam.cat\/es\/wp-json\/wp\/v2\/types\/page"}],"author":[{"embeddable":true,"href":"https:\/\/egam.cat\/es\/wp-json\/wp\/v2\/users\/2"}],"replies":[{"embeddable":true,"href":"https:\/\/egam.cat\/es\/wp-json\/wp\/v2\/comments?post=624"}],"version-history":[{"count":6,"href":"https:\/\/egam.cat\/es\/wp-json\/wp\/v2\/pages\/624\/revisions"}],"predecessor-version":[{"id":785,"href":"https:\/\/egam.cat\/es\/wp-json\/wp\/v2\/pages\/624\/revisions\/785"}],"up":[{"embeddable":true,"href":"https:\/\/egam.cat\/es\/wp-json\/wp\/v2\/pages\/611"}],"wp:attachment":[{"href":"https:\/\/egam.cat\/es\/wp-json\/wp\/v2\/media?parent=624"}],"curies":[{"name":"wp","href":"https:\/\/api.w.org\/{rel}","templated":true}]}}