{"id":621,"date":"2024-03-01T16:23:56","date_gmt":"2024-03-01T16:23:56","guid":{"rendered":"http:\/\/egam.cat\/servicios\/acustica\/mesures-de-soroll\/"},"modified":"2024-03-11T16:38:26","modified_gmt":"2024-03-11T16:38:26","slug":"medidas-de-ruido","status":"publish","type":"page","link":"https:\/\/egam.cat\/es\/servicios\/acustica\/medidas-de-ruido\/","title":{"rendered":"Medidas de ruido"},"content":{"rendered":"[vc_row type=\u00bbfull_width_background\u00bb full_screen_row_position=\u00bbmiddle\u00bb column_margin=\u00bbdefault\u00bb column_direction=\u00bbdefault\u00bb column_direction_tablet=\u00bbdefault\u00bb column_direction_phone=\u00bbdefault\u00bb scene_position=\u00bbcenter\u00bb top_padding=\u00bb10px\u00bb constrain_group_1=\u00bbyes\u00bb bottom_padding=\u00bb10px\u00bb text_color=\u00bblight\u00bb text_align=\u00bbleft\u00bb row_border_radius=\u00bbnone\u00bb row_border_radius_applies=\u00bbbg\u00bb overflow=\u00bbvisible\u00bb advanced_gradient=\u00bblinear-gradient(71deg, rgba(0, 85, 88, 0.8) 10%, rgba(0, 85, 88, 0.61) 90%)\u00bb advanced_gradient_angle=\u00bb71&#8243; shape_divider_position=\u00bbbottom\u00bb bg_image_animation=\u00bbnone\u00bb gradient_type=\u00bbadvanced\u00bb shape_type=\u00bb\u00bb advanced_gradient_display_type=\u00bblinear\u00bb][vc_column column_padding=\u00bbno-extra-padding\u00bb column_padding_tablet=\u00bbinherit\u00bb column_padding_phone=\u00bbinherit\u00bb column_padding_position=\u00bball\u00bb column_element_direction_desktop=\u00bbdefault\u00bb column_element_spacing=\u00bbdefault\u00bb desktop_text_alignment=\u00bbdefault\u00bb tablet_text_alignment=\u00bbdefault\u00bb phone_text_alignment=\u00bbdefault\u00bb background_color_opacity=\u00bb1&#8243; background_hover_color_opacity=\u00bb1&#8243; column_backdrop_filter=\u00bbnone\u00bb column_shadow=\u00bbnone\u00bb column_border_radius=\u00bbnone\u00bb column_link_target=\u00bb_self\u00bb column_position=\u00bbdefault\u00bb gradient_direction=\u00bbleft_to_right\u00bb overlay_strength=\u00bb0.3&#8243; width=\u00bb1\/1&#8243; tablet_width_inherit=\u00bbdefault\u00bb animation_type=\u00bbdefault\u00bb bg_image_animation=\u00bbnone\u00bb border_type=\u00bbsimple\u00bb column_border_width=\u00bbnone\u00bb column_border_style=\u00bbsolid\u00bb][vc_column_text]\n<p style=\"font-size: 14px;\"><span><span><a href=\"https:\/\/egam.cat\/es\/\">Nosaltres<\/a><\/span><\/span>\n[\/vc_column_text][\/vc_column][\/vc_row][vc_row type=\u00bbin_container\u00bb full_screen_row_position=\u00bbmiddle\u00bb column_margin=\u00bbdefault\u00bb column_direction=\u00bbdefault\u00bb column_direction_tablet=\u00bbdefault\u00bb column_direction_phone=\u00bbdefault\u00bb scene_position=\u00bbcenter\u00bb top_padding=\u00bb50px\u00bb bottom_padding=\u00bb0&#8243; text_color=\u00bbdark\u00bb text_align=\u00bbleft\u00bb row_border_radius=\u00bbnone\u00bb row_border_radius_applies=\u00bbbg\u00bb overflow=\u00bbvisible\u00bb overlay_strength=\u00bb0.3&#8243; gradient_direction=\u00bbleft_to_right\u00bb shape_divider_position=\u00bbbottom\u00bb bg_image_animation=\u00bbnone\u00bb gradient_type=\u00bbdefault\u00bb shape_type=\u00bb\u00bb][vc_column column_padding=\u00bbno-extra-padding\u00bb column_padding_tablet=\u00bbinherit\u00bb column_padding_phone=\u00bbinherit\u00bb column_padding_position=\u00bball\u00bb column_element_direction_desktop=\u00bbdefault\u00bb column_element_spacing=\u00bbdefault\u00bb desktop_text_alignment=\u00bbdefault\u00bb tablet_text_alignment=\u00bbdefault\u00bb phone_text_alignment=\u00bbdefault\u00bb background_color_opacity=\u00bb1&#8243; background_hover_color_opacity=\u00bb1&#8243; column_backdrop_filter=\u00bbnone\u00bb column_shadow=\u00bbnone\u00bb column_border_radius=\u00bbnone\u00bb column_link_target=\u00bb_self\u00bb column_position=\u00bbdefault\u00bb gradient_direction=\u00bbleft_to_right\u00bb overlay_strength=\u00bb0.3&#8243; width=\u00bb5\/6&#8243; tablet_width_inherit=\u00bbdefault\u00bb animation_type=\u00bbdefault\u00bb bg_image_animation=\u00bbnone\u00bb border_type=\u00bbsimple\u00bb column_border_width=\u00bbnone\u00bb column_border_style=\u00bbsolid\u00bb][vc_column_text]\n<h2>Control de los niveles sonoros de inmisi\u00f3n en el ambiente exterior producidos por el Eix Transversal (C-25) en la vivienda de Can Gomis<\/h2>\n[\/vc_column_text][vc_column_text css=\u00bb.vc_custom_1710174937602{border-left-width: 1px !important;padding-left: 20px !important;border-left-color: #005558 !important;}\u00bb]\n<h5>Cliente: UTE EJE TRANSVERSAL BAGES<\/h5>\n<p>Fecha: 2013<br \/>\n\u00c1mbito: Avi\u00f1\u00f3n[\/vc_column_text][nectar_icon_list color=\u00bbdefault\u00bb direction=\u00bbvertical\u00bb icon_size=\u00bbsmall\u00bb icon_style=\u00bbborder\u00bb][nectar_icon_list_item icon_type=\u00bbnumerical\u00bb text_full_html=\u00bbsimple\u00bb title=\u00bbList Item\u00bb id=\u00bb1710174888017-3&#8243; tab_id=\u00bb1710174888017-7&#8243; text=\u00bbDefinir los antecedentes y objeto de las mediciones de ruido.\u00bb][\/nectar_icon_list_item][nectar_icon_list_item icon_type=\u00bbnumerical\u00bb text_full_html=\u00bbsimple\u00bb title=\u00bbList Item\u00bb id=\u00bb1710174888030-9&#8243; tab_id=\u00bb1710174888030-5&#8243; text=\u00bbDescripci\u00f3n del ambiente sonoro de la zona y la fuente de ruido a evaluar.\u00bb][\/nectar_icon_list_item][nectar_icon_list_item icon_type=\u00bbnumerical\u00bb text_full_html=\u00bbsimple\u00bb title=\u00bbList Item\u00bb id=\u00bb1710174888036-4&#8243; tab_id=\u00bb1710174888036-3&#8243; text=\u00bbConcreci\u00f3n del punto de medici\u00f3n y caracter\u00edsticas de la medida: protocolo, equipos, condiciones meteorol\u00f3gicas, etc.\u00bb][\/nectar_icon_list_item][nectar_icon_list_item icon_type=\u00bbnumerical\u00bb text_full_html=\u00bbsimple\u00bb title=\u00bbList Item\u00bb id=\u00bb1710174888042-7&#8243; tab_id=\u00bb1710174888043-1&#8243; text=\u00bbResultados de la medida de larga duraci\u00f3n.\u00bb][\/nectar_icon_list_item][nectar_icon_list_item icon_type=\u00bbnumerical\u00bb text_full_html=\u00bbsimple\u00bb title=\u00bbList Item\u00bb id=\u00bb1710174888049-6&#8243; tab_id=\u00bb1710174888049-1&#8243; text=\u00bbEvaluaci\u00f3n del cumplimiento de la normativa aplicable.\u00bb][\/nectar_icon_list_item][nectar_icon_list_item icon_type=\u00bbnumerical\u00bb text_full_html=\u00bbsimple\u00bb title=\u00bbList Item\u00bb id=\u00bb1710174888055-4&#8243; tab_id=\u00bb1710174888056-7&#8243; text=\u00bbDeterminaci\u00f3n de medidas correctoras. Estudio de viabilidad y an\u00e1lisis coste-beneficio.\u00bb][\/nectar_icon_list_item][nectar_icon_list_item icon_type=\u00bbnumerical\u00bb text_full_html=\u00bbsimple\u00bb title=\u00bbList Item\u00bb id=\u00bb1710174888067-1&#8243; tab_id=\u00bb1710174888068-7&#8243; text=\u00bbElaboraci\u00f3n de planos de impacto ac\u00fastico.\u00bb][\/nectar_icon_list_item][\/nectar_icon_list][vc_gallery type=\u00bbflickity_style\u00bb images=\u00bb350,351,352,353&#8243; flickity_spacing=\u00bbdefault\u00bb flickity_controls=\u00bbpagination\u00bb flickity_overflow=\u00bbhidden\u00bb flickity_wrap_around=\u00bbwrap\u00bb flickity_desktop_columns=\u00bb3&#8243; flickity_small_desktop_columns=\u00bb3&#8243; flickity_tablet_columns=\u00bb2&#8243; flickity_phone_columns=\u00bb2&#8243; flickity_box_shadow=\u00bbnone\u00bb image_loading=\u00bbdefault\u00bb onclick=\u00bblink_image\u00bb][\/vc_column][vc_column column_padding=\u00bbno-extra-padding\u00bb column_padding_tablet=\u00bbinherit\u00bb column_padding_phone=\u00bbinherit\u00bb column_padding_position=\u00bball\u00bb bottom_margin=\u00bb50px\u00bb column_element_direction_desktop=\u00bbdefault\u00bb column_element_spacing=\u00bbdefault\u00bb desktop_text_alignment=\u00bbdefault\u00bb tablet_text_alignment=\u00bbdefault\u00bb phone_text_alignment=\u00bbdefault\u00bb background_color_opacity=\u00bb1&#8243; background_hover_color_opacity=\u00bb1&#8243; column_backdrop_filter=\u00bbnone\u00bb column_shadow=\u00bbnone\u00bb column_border_radius=\u00bbnone\u00bb column_link_target=\u00bb_self\u00bb column_position=\u00bbdefault\u00bb gradient_direction=\u00bbleft_to_right\u00bb overlay_strength=\u00bb0.3&#8243; width=\u00bb1\/6&#8243; tablet_width_inherit=\u00bbdefault\u00bb animation_type=\u00bbdefault\u00bb bg_image_animation=\u00bbnone\u00bb border_type=\u00bbsimple\u00bb column_border_width=\u00bbnone\u00bb column_border_style=\u00bbsolid\u00bb column_padding_type=\u00bbdefault\u00bb gradient_type=\u00bbdefault\u00bb offset=\u00bbvc_hidden-sm vc_hidden-xs\u00bb][nectar_global_section id=\u00bb579&#8243;][\/vc_column][\/vc_row]\n","protected":false},"excerpt":{"rendered":"<p>[vc_row type=\u00bbfull_width_background\u00bb full_screen_row_position=\u00bbmiddle\u00bb column_margin=\u00bbdefault\u00bb column_direction=\u00bbdefault\u00bb column_direction_tablet=\u00bbdefault\u00bb column_direction_phone=\u00bbdefault\u00bb scene_position=\u00bbcenter\u00bb top_padding=\u00bb10px\u00bb constrain_group_1=\u00bbyes\u00bb bottom_padding=\u00bb10px\u00bb text_color=\u00bblight\u00bb text_align=\u00bbleft\u00bb row_border_radius=\u00bbnone\u00bb row_border_radius_applies=\u00bbbg\u00bb overflow=\u00bbvisible\u00bb advanced_gradient=\u00bblinear-gradient(71deg, rgba(0, 85, 88,&#8230;<\/p>\n","protected":false},"author":2,"featured_media":0,"parent":614,"menu_order":0,"comment_status":"closed","ping_status":"closed","template":"","meta":{"footnotes":""},"class_list":["post-621","page","type-page","status-publish"],"yoast_head":"<!-- This site is optimized with the Yoast SEO plugin v22.1 - https:\/\/yoast.com\/wordpress\/plugins\/seo\/ -->\n<title>Medidas de ruido - Egam<\/title>\n<meta name=\"robots\" content=\"index, follow, max-snippet:-1, max-image-preview:large, max-video-preview:-1\" \/>\n<link rel=\"canonical\" href=\"https:\/\/egam.cat\/es\/servicios\/acustica\/medidas-de-ruido\/\" \/>\n<meta property=\"og:locale\" content=\"es_ES\" \/>\n<meta property=\"og:type\" content=\"article\" \/>\n<meta property=\"og:title\" content=\"Medidas de ruido - Egam\" \/>\n<meta property=\"og:description\" content=\"[vc_row type=\u00bbfull_width_background\u00bb full_screen_row_position=\u00bbmiddle\u00bb column_margin=\u00bbdefault\u00bb column_direction=\u00bbdefault\u00bb column_direction_tablet=\u00bbdefault\u00bb column_direction_phone=\u00bbdefault\u00bb scene_position=\u00bbcenter\u00bb top_padding=\u00bb10px\u00bb constrain_group_1=\u00bbyes\u00bb bottom_padding=\u00bb10px\u00bb text_color=\u00bblight\u00bb text_align=\u00bbleft\u00bb row_border_radius=\u00bbnone\u00bb row_border_radius_applies=\u00bbbg\u00bb overflow=\u00bbvisible\u00bb advanced_gradient=\u00bblinear-gradient(71deg, rgba(0, 85, 88,...\" \/>\n<meta property=\"og:url\" content=\"https:\/\/egam.cat\/es\/servicios\/acustica\/medidas-de-ruido\/\" \/>\n<meta property=\"og:site_name\" content=\"Egam\" \/>\n<meta property=\"article:modified_time\" content=\"2024-03-11T16:38:26+00:00\" \/>\n<meta name=\"twitter:card\" content=\"summary_large_image\" \/>\n<meta name=\"twitter:label1\" content=\"Tiempo de lectura\" \/>\n\t<meta name=\"twitter:data1\" content=\"3 minutos\" \/>\n<script type=\"application\/ld+json\" class=\"yoast-schema-graph\">{\"@context\":\"https:\/\/schema.org\",\"@graph\":[{\"@type\":\"WebPage\",\"@id\":\"https:\/\/egam.cat\/es\/servicios\/acustica\/medidas-de-ruido\/\",\"url\":\"https:\/\/egam.cat\/es\/servicios\/acustica\/medidas-de-ruido\/\",\"name\":\"Medidas de ruido - Egam\",\"isPartOf\":{\"@id\":\"https:\/\/egam.cat\/#website\"},\"datePublished\":\"2024-03-01T16:23:56+00:00\",\"dateModified\":\"2024-03-11T16:38:26+00:00\",\"breadcrumb\":{\"@id\":\"https:\/\/egam.cat\/es\/servicios\/acustica\/medidas-de-ruido\/#breadcrumb\"},\"inLanguage\":\"es\",\"potentialAction\":[{\"@type\":\"ReadAction\",\"target\":[\"https:\/\/egam.cat\/es\/servicios\/acustica\/medidas-de-ruido\/\"]}]},{\"@type\":\"BreadcrumbList\",\"@id\":\"https:\/\/egam.cat\/es\/servicios\/acustica\/medidas-de-ruido\/#breadcrumb\",\"itemListElement\":[{\"@type\":\"ListItem\",\"position\":1,\"name\":\"Nosaltres\",\"item\":\"https:\/\/egam.cat\/es\/\"},{\"@type\":\"ListItem\",\"position\":2,\"name\":\"Servicios\",\"item\":\"https:\/\/egam.cat\/es\/servicios\/\"},{\"@type\":\"ListItem\",\"position\":3,\"name\":\"Ac\u00fastica\",\"item\":\"https:\/\/egam.cat\/es\/servicios\/acustica\/\"},{\"@type\":\"ListItem\",\"position\":4,\"name\":\"Medidas de ruido\"}]},{\"@type\":\"WebSite\",\"@id\":\"https:\/\/egam.cat\/#website\",\"url\":\"https:\/\/egam.cat\/\",\"name\":\"Egam\",\"description\":\"Consultoria ambiental\",\"potentialAction\":[{\"@type\":\"SearchAction\",\"target\":{\"@type\":\"EntryPoint\",\"urlTemplate\":\"https:\/\/egam.cat\/?s={search_term_string}\"},\"query-input\":\"required name=search_term_string\"}],\"inLanguage\":\"es\"}]}<\/script>\n<!-- \/ Yoast SEO plugin. -->","yoast_head_json":{"title":"Medidas de ruido - Egam","robots":{"index":"index","follow":"follow","max-snippet":"max-snippet:-1","max-image-preview":"max-image-preview:large","max-video-preview":"max-video-preview:-1"},"canonical":"https:\/\/egam.cat\/es\/servicios\/acustica\/medidas-de-ruido\/","og_locale":"es_ES","og_type":"article","og_title":"Medidas de ruido - Egam","og_description":"[vc_row type=\u00bbfull_width_background\u00bb full_screen_row_position=\u00bbmiddle\u00bb column_margin=\u00bbdefault\u00bb column_direction=\u00bbdefault\u00bb column_direction_tablet=\u00bbdefault\u00bb column_direction_phone=\u00bbdefault\u00bb scene_position=\u00bbcenter\u00bb top_padding=\u00bb10px\u00bb constrain_group_1=\u00bbyes\u00bb bottom_padding=\u00bb10px\u00bb text_color=\u00bblight\u00bb text_align=\u00bbleft\u00bb row_border_radius=\u00bbnone\u00bb row_border_radius_applies=\u00bbbg\u00bb overflow=\u00bbvisible\u00bb advanced_gradient=\u00bblinear-gradient(71deg, rgba(0, 85, 88,...","og_url":"https:\/\/egam.cat\/es\/servicios\/acustica\/medidas-de-ruido\/","og_site_name":"Egam","article_modified_time":"2024-03-11T16:38:26+00:00","twitter_card":"summary_large_image","twitter_misc":{"Tiempo de lectura":"3 minutos"},"schema":{"@context":"https:\/\/schema.org","@graph":[{"@type":"WebPage","@id":"https:\/\/egam.cat\/es\/servicios\/acustica\/medidas-de-ruido\/","url":"https:\/\/egam.cat\/es\/servicios\/acustica\/medidas-de-ruido\/","name":"Medidas de ruido - Egam","isPartOf":{"@id":"https:\/\/egam.cat\/#website"},"datePublished":"2024-03-01T16:23:56+00:00","dateModified":"2024-03-11T16:38:26+00:00","breadcrumb":{"@id":"https:\/\/egam.cat\/es\/servicios\/acustica\/medidas-de-ruido\/#breadcrumb"},"inLanguage":"es","potentialAction":[{"@type":"ReadAction","target":["https:\/\/egam.cat\/es\/servicios\/acustica\/medidas-de-ruido\/"]}]},{"@type":"BreadcrumbList","@id":"https:\/\/egam.cat\/es\/servicios\/acustica\/medidas-de-ruido\/#breadcrumb","itemListElement":[{"@type":"ListItem","position":1,"name":"Nosaltres","item":"https:\/\/egam.cat\/es\/"},{"@type":"ListItem","position":2,"name":"Servicios","item":"https:\/\/egam.cat\/es\/servicios\/"},{"@type":"ListItem","position":3,"name":"Ac\u00fastica","item":"https:\/\/egam.cat\/es\/servicios\/acustica\/"},{"@type":"ListItem","position":4,"name":"Medidas de ruido"}]},{"@type":"WebSite","@id":"https:\/\/egam.cat\/#website","url":"https:\/\/egam.cat\/","name":"Egam","description":"Consultoria ambiental","potentialAction":[{"@type":"SearchAction","target":{"@type":"EntryPoint","urlTemplate":"https:\/\/egam.cat\/?s={search_term_string}"},"query-input":"required name=search_term_string"}],"inLanguage":"es"}]}},"_links":{"self":[{"href":"https:\/\/egam.cat\/es\/wp-json\/wp\/v2\/pages\/621","targetHints":{"allow":["GET"]}}],"collection":[{"href":"https:\/\/egam.cat\/es\/wp-json\/wp\/v2\/pages"}],"about":[{"href":"https:\/\/egam.cat\/es\/wp-json\/wp\/v2\/types\/page"}],"author":[{"embeddable":true,"href":"https:\/\/egam.cat\/es\/wp-json\/wp\/v2\/users\/2"}],"replies":[{"embeddable":true,"href":"https:\/\/egam.cat\/es\/wp-json\/wp\/v2\/comments?post=621"}],"version-history":[{"count":2,"href":"https:\/\/egam.cat\/es\/wp-json\/wp\/v2\/pages\/621\/revisions"}],"predecessor-version":[{"id":623,"href":"https:\/\/egam.cat\/es\/wp-json\/wp\/v2\/pages\/621\/revisions\/623"}],"up":[{"embeddable":true,"href":"https:\/\/egam.cat\/es\/wp-json\/wp\/v2\/pages\/614"}],"wp:attachment":[{"href":"https:\/\/egam.cat\/es\/wp-json\/wp\/v2\/media?parent=621"}],"curies":[{"name":"wp","href":"https:\/\/api.w.org\/{rel}","templated":true}]}}